{"id":1415,"date":"2020-05-25T12:39:10","date_gmt":"2020-05-25T12:39:10","guid":{"rendered":"https:\/\/komudesigns.com\/?page_id=1415"},"modified":"2026-01-09T09:29:20","modified_gmt":"2026-01-09T08:29:20","slug":"integritetspolicy","status":"publish","type":"page","link":"https:\/\/komudesigns.com\/en\/integritetspolicy\/","title":{"rendered":"INTEGRITY POLICY"},"content":{"rendered":"<!--themify_builder_content-->\n<div id=\"themify_builder_content-1415\" data-postid=\"1415\" class=\"themify_builder_content themify_builder_content-1415 themify_builder tf_clear\">\n                    <div  data-lazy=\"1\" class=\"module_row themify_builder_row tb_6hvz247 tb_first tf_w\">\n                        <div class=\"row_inner col_align_top tb_col_count_1 tf_box tf_rel\">\n                        <div  data-lazy=\"1\" class=\"module_column tb-column col-full tb_a14j247 first\">\n                    <!-- module text -->\n<div  class=\"module module-text tb_t76g806   \" data-lazy=\"1\">\n        <div  class=\"tb_text_wrap\">\n        <h4>INTEGRITETSPOLICY<\/h4>\n<p><strong>Hantering av kundinformation <\/strong><\/p>\n<p>Du kan bes\u00f6ka min webbsida utan att uppge n\u00e5gon personlig information. Jag noterar bara data som ej \u00e4r personligt relaterad s\u00e5som IP-adress, refererande sida etc. i statistiksyfte. Denna information anv\u00e4nds endast f\u00f6r att f\u00f6rb\u00e4ttra min service och jag kan inte koppla informationen direkt till dig. Detta g\u00f6rs via WordPress cookies. Personlig data lagras endast efter det att du frivilligt l\u00e4mnat dina uppgifter f\u00f6rfr\u00e5gan\/k\u00f6p eller vid prenumeration av nyhetsbrev. Genom din registrering och\/eller best\u00e4llning samtycker du till att KOMUDESIGNS Kommanditbolag lagrar och anv\u00e4nder uppgifter om dina ink\u00f6p samt de kontaktuppgifter du l\u00e4mnar. Efter avslutad och betalning lagras informationen bara s\u00e5 l\u00e4nge som den m\u00e5ste enligt g\u00e4llande lagar om inte du har godk\u00e4nt fortsatt anv\u00e4ndning av informationen. I det fall du prenumererar p\u00e5 ett nyhetsbrev anv\u00e4nds din e-post adress i detta syfte tills du v\u00e4ljer att upph\u00f6ra med prenumerationen.<\/p>\n<p><strong>Vidarebefordran av personlig information <\/strong><\/p>\n<p>Relevant personlig information kan l\u00e4mnas vidare till transportf\u00f6retag\/tryckeri eller liknande om detta \u00e4r n\u00f6dv\u00e4ndigt f\u00f6r att leverera dina varor. N\u00e4r du betalar med Paypal\/Stripe g\u00e4ller deras integritetspolicy. KOMUDESIGNS Kommanditbolag ansvarar ej f\u00f6r information som du gett till annat f\u00f6retag under orderprocessen. Information l\u00e4mnas aldrig ut till tredje part av mig annat \u00e4n vid best\u00e4llning av frakt eller best\u00e4llning fr\u00e5n tryckeriet (tryckta produkter), och d\u00e5 endast din adress och telefonnummer.<\/p>\n<h4>CCPA:<\/h4>\n<p>DO NOT SELL &#8211; F\u00f6r inv\u00e5nare i Kaliforniern (ccpa lag) &#8211; Jag eller mitt f\u00f6retag kommer aldrig att s\u00e4lja din information. Detta g\u00e4ller s\u00e5 klart f\u00f6r alla, oavsett land, men med tanke p\u00e5 CCPA lagen vill jag ordagrant n\u00e4mna er.\u00a0<\/p>\n<p><strong>Cookies <\/strong><\/p>\n<p>Se\u00a0<a href=\"https:\/\/komudesigns.com\/sv\/cookiepolicy\/\">cookiepolicy<\/a><\/p>\n<p><strong>R\u00e4tt att fr\u00e5ga om information <\/strong><\/p>\n<p>Du har full r\u00e4tt att utan kostnad f\u00e5 all information om den personliga data jag lagrar som ber\u00f6r dig. Du har ocks\u00e5 r\u00e4tt att beg\u00e4ra \u00e4ndringar i, blockera eller stryka denna data.<\/p>\n<p><strong>Vem kan du kontakta? <\/strong><\/p>\n<p>Om du har fr\u00e5gor kring inh\u00e4mtandet, hanteringen eller anv\u00e4ndningen av din personliga information eller om du vill veta mer om, g\u00f6ra \u00e4ndringar i, blockera eller stryka personlig information kontakta:<\/p>\n<p>info [at] komudesigns.com<\/p>\n<p>eller<\/p>\n<p>KOMUDESIGNS Kommanditbolag<br><span class=\"cmplz-contact-address\">Gullsj\u00f6v\u00e4gen 3E<br>811 71 J\u00e4rbo<\/span><\/p>\n<p>+46 (0)762955016<\/p>\n<p>Observera att du bara kan skicka brev hit &#8211; detta \u00e4r inte en bes\u00f6ksadress. KOMUDESIGNS Kommanditbolag har ingen bes\u00f6ksadress eftersom f\u00f6retaget bara bedriver verksamhet online.<\/p>    <\/div>\n<\/div>\n<!-- \/module text -->        <\/div>\n                        <\/div>\n        <\/div>\n        <\/div>\n<!--\/themify_builder_content-->","protected":false},"excerpt":{"rendered":"<p>INTEGRITETSPOLICY Hantering av kundinformation Du kan bes\u00f6ka min webbsida utan att uppge n\u00e5gon personlig information. Jag noterar bara data som ej \u00e4r personligt relaterad s\u00e5som IP-adress, refererande sida etc. i statistiksyfte. Denna information anv\u00e4nds endast f\u00f6r att f\u00f6rb\u00e4ttra min service och jag kan inte koppla informationen direkt till dig. Detta g\u00f6rs via WordPress cookies. Personlig [&hellip;]<\/p>\n","protected":false},"author":4,"featured_media":0,"parent":0,"menu_order":0,"comment_status":"closed","ping_status":"closed","template":"","meta":{"footnotes":""},"class_list":["post-1415","page","type-page","status-publish","hentry","has-post-title","has-post-date","has-post-category","has-post-tag","has-post-comment","has-post-author",""],"yoast_head":"<!-- This site is optimized with the Yoast SEO plugin v27.3 - https:\/\/yoast.com\/product\/yoast-seo-wordpress\/ -->\n<title>INTEGRITETSPOLICY - KOMUDESIGNS<\/title>\n<meta name=\"robots\" content=\"index, follow, max-snippet:-1, max-image-preview:large, max-video-preview:-1\" \/>\n<link rel=\"canonical\" href=\"https:\/\/komudesigns.com\/en\/integritetspolicy\/\" \/>\n<meta property=\"og:locale\" content=\"en_GB\" \/>\n<meta property=\"og:type\" content=\"article\" \/>\n<meta property=\"og:title\" content=\"INTEGRITETSPOLICY - KOMUDESIGNS\" \/>\n<meta property=\"og:description\" content=\"INTEGRITETSPOLICY Hantering av kundinformation Du kan bes\u00f6ka min webbsida utan att uppge n\u00e5gon personlig information. Jag noterar bara data som ej \u00e4r personligt relaterad s\u00e5som IP-adress, refererande sida etc. i statistiksyfte. Denna information anv\u00e4nds endast f\u00f6r att f\u00f6rb\u00e4ttra min service och jag kan inte koppla informationen direkt till dig. Detta g\u00f6rs via WordPress cookies. Personlig [&hellip;]\" \/>\n<meta property=\"og:url\" content=\"https:\/\/komudesigns.com\/en\/integritetspolicy\/\" \/>\n<meta property=\"og:site_name\" content=\"KOMUDESIGNS\" \/>\n<meta property=\"article:publisher\" content=\"https:\/\/www.facebook.com\/komudesigns\/\" \/>\n<meta property=\"article:modified_time\" content=\"2026-01-09T08:29:20+00:00\" \/>\n<meta name=\"twitter:card\" content=\"summary_large_image\" \/>\n<meta name=\"twitter:label1\" content=\"Estimated reading time\" \/>\n\t<meta name=\"twitter:data1\" content=\"4 minutes\" \/>\n<script type=\"application\/ld+json\" class=\"yoast-schema-graph\">{\"@context\":\"https:\\\/\\\/schema.org\",\"@graph\":[{\"@type\":\"WebPage\",\"@id\":\"https:\\\/\\\/komudesigns.com\\\/integritetspolicy\\\/\",\"url\":\"https:\\\/\\\/komudesigns.com\\\/integritetspolicy\\\/\",\"name\":\"INTEGRITETSPOLICY - KOMUDESIGNS\",\"isPartOf\":{\"@id\":\"https:\\\/\\\/komudesigns.com\\\/sv\\\/hem\\\/#website\"},\"datePublished\":\"2020-05-25T12:39:10+00:00\",\"dateModified\":\"2026-01-09T08:29:20+00:00\",\"breadcrumb\":{\"@id\":\"https:\\\/\\\/komudesigns.com\\\/integritetspolicy\\\/#breadcrumb\"},\"inLanguage\":\"en-GB\",\"potentialAction\":[{\"@type\":\"ReadAction\",\"target\":[\"https:\\\/\\\/komudesigns.com\\\/integritetspolicy\\\/\"]}]},{\"@type\":\"BreadcrumbList\",\"@id\":\"https:\\\/\\\/komudesigns.com\\\/integritetspolicy\\\/#breadcrumb\",\"itemListElement\":[{\"@type\":\"ListItem\",\"position\":1,\"name\":\"Home\",\"item\":\"https:\\\/\\\/komudesigns.com\\\/\"},{\"@type\":\"ListItem\",\"position\":2,\"name\":\"INTEGRITETSPOLICY\"}]},{\"@type\":\"WebSite\",\"@id\":\"https:\\\/\\\/komudesigns.com\\\/sv\\\/hem\\\/#website\",\"url\":\"https:\\\/\\\/komudesigns.com\\\/sv\\\/hem\\\/\",\"name\":\"KOMUDESIGNS\",\"description\":\"\",\"publisher\":{\"@id\":\"https:\\\/\\\/komudesigns.com\\\/sv\\\/hem\\\/#organization\"},\"potentialAction\":[{\"@type\":\"SearchAction\",\"target\":{\"@type\":\"EntryPoint\",\"urlTemplate\":\"https:\\\/\\\/komudesigns.com\\\/sv\\\/hem\\\/?s={search_term_string}\"},\"query-input\":{\"@type\":\"PropertyValueSpecification\",\"valueRequired\":true,\"valueName\":\"search_term_string\"}}],\"inLanguage\":\"en-GB\"},{\"@type\":\"Organization\",\"@id\":\"https:\\\/\\\/komudesigns.com\\\/sv\\\/hem\\\/#organization\",\"name\":\"KOMUDESIGNS Kommanditbolag\",\"url\":\"https:\\\/\\\/komudesigns.com\\\/sv\\\/hem\\\/\",\"logo\":{\"@type\":\"ImageObject\",\"inLanguage\":\"en-GB\",\"@id\":\"https:\\\/\\\/komudesigns.com\\\/sv\\\/hem\\\/#\\\/schema\\\/logo\\\/image\\\/\",\"url\":\"https:\\\/\\\/komudesigns.com\\\/wp-content\\\/uploads\\\/2022\\\/12\\\/komudesigns.jpg\",\"contentUrl\":\"https:\\\/\\\/komudesigns.com\\\/wp-content\\\/uploads\\\/2022\\\/12\\\/komudesigns.jpg\",\"width\":300,\"height\":300,\"caption\":\"KOMUDESIGNS Kommanditbolag\"},\"image\":{\"@id\":\"https:\\\/\\\/komudesigns.com\\\/sv\\\/hem\\\/#\\\/schema\\\/logo\\\/image\\\/\"},\"sameAs\":[\"https:\\\/\\\/www.facebook.com\\\/komudesigns\\\/\",\"https:\\\/\\\/www.instagram.com\\\/komudesigns\\\/\"]}]}<\/script>\n<!-- \/ Yoast SEO plugin. -->","yoast_head_json":{"title":"INTEGRITETSPOLICY - KOMUDESIGNS","robots":{"index":"index","follow":"follow","max-snippet":"max-snippet:-1","max-image-preview":"max-image-preview:large","max-video-preview":"max-video-preview:-1"},"canonical":"https:\/\/komudesigns.com\/en\/integritetspolicy\/","og_locale":"en_GB","og_type":"article","og_title":"INTEGRITETSPOLICY - KOMUDESIGNS","og_description":"INTEGRITETSPOLICY Hantering av kundinformation Du kan bes\u00f6ka min webbsida utan att uppge n\u00e5gon personlig information. Jag noterar bara data som ej \u00e4r personligt relaterad s\u00e5som IP-adress, refererande sida etc. i statistiksyfte. Denna information anv\u00e4nds endast f\u00f6r att f\u00f6rb\u00e4ttra min service och jag kan inte koppla informationen direkt till dig. Detta g\u00f6rs via WordPress cookies. Personlig [&hellip;]","og_url":"https:\/\/komudesigns.com\/en\/integritetspolicy\/","og_site_name":"KOMUDESIGNS","article_publisher":"https:\/\/www.facebook.com\/komudesigns\/","article_modified_time":"2026-01-09T08:29:20+00:00","twitter_card":"summary_large_image","twitter_misc":{"Estimated reading time":"4 minutes"},"schema":{"@context":"https:\/\/schema.org","@graph":[{"@type":"WebPage","@id":"https:\/\/komudesigns.com\/integritetspolicy\/","url":"https:\/\/komudesigns.com\/integritetspolicy\/","name":"INTEGRITETSPOLICY - KOMUDESIGNS","isPartOf":{"@id":"https:\/\/komudesigns.com\/sv\/hem\/#website"},"datePublished":"2020-05-25T12:39:10+00:00","dateModified":"2026-01-09T08:29:20+00:00","breadcrumb":{"@id":"https:\/\/komudesigns.com\/integritetspolicy\/#breadcrumb"},"inLanguage":"en-GB","potentialAction":[{"@type":"ReadAction","target":["https:\/\/komudesigns.com\/integritetspolicy\/"]}]},{"@type":"BreadcrumbList","@id":"https:\/\/komudesigns.com\/integritetspolicy\/#breadcrumb","itemListElement":[{"@type":"ListItem","position":1,"name":"Home","item":"https:\/\/komudesigns.com\/"},{"@type":"ListItem","position":2,"name":"INTEGRITETSPOLICY"}]},{"@type":"WebSite","@id":"https:\/\/komudesigns.com\/sv\/hem\/#website","url":"https:\/\/komudesigns.com\/sv\/hem\/","name":"COMFORT DESIGN","description":"","publisher":{"@id":"https:\/\/komudesigns.com\/sv\/hem\/#organization"},"potentialAction":[{"@type":"SearchAction","target":{"@type":"EntryPoint","urlTemplate":"https:\/\/komudesigns.com\/sv\/hem\/?s={search_term_string}"},"query-input":{"@type":"PropertyValueSpecification","valueRequired":true,"valueName":"search_term_string"}}],"inLanguage":"en-GB"},{"@type":"Organization","@id":"https:\/\/komudesigns.com\/sv\/hem\/#organization","name":"KOMUDESIGNS Kommanditbolag","url":"https:\/\/komudesigns.com\/sv\/hem\/","logo":{"@type":"ImageObject","inLanguage":"en-GB","@id":"https:\/\/komudesigns.com\/sv\/hem\/#\/schema\/logo\/image\/","url":"https:\/\/komudesigns.com\/wp-content\/uploads\/2022\/12\/komudesigns.jpg","contentUrl":"https:\/\/komudesigns.com\/wp-content\/uploads\/2022\/12\/komudesigns.jpg","width":300,"height":300,"caption":"KOMUDESIGNS Kommanditbolag"},"image":{"@id":"https:\/\/komudesigns.com\/sv\/hem\/#\/schema\/logo\/image\/"},"sameAs":["https:\/\/www.facebook.com\/komudesigns\/","https:\/\/www.instagram.com\/komudesigns\/"]}]}},"builder_content":"<h4>INTEGRITETSPOLICY<\/h4> <p><strong>Hantering av kundinformation <\/strong><\/p> <p>Du kan bes\u00f6ka min webbsida utan att uppge n\u00e5gon personlig information. Jag noterar bara data som ej \u00e4r personligt relaterad s\u00e5som IP-adress, refererande sida etc. i statistiksyfte. Denna information anv\u00e4nds endast f\u00f6r att f\u00f6rb\u00e4ttra min service och jag kan inte koppla informationen direkt till dig. Detta g\u00f6rs via WordPress cookies. Personlig data lagras endast efter det att du frivilligt l\u00e4mnat dina uppgifter f\u00f6rfr\u00e5gan\/k\u00f6p eller vid prenumeration av nyhetsbrev. Genom din registrering och\/eller best\u00e4llning samtycker du till att KOMUDESIGNS Kommanditbolag lagrar och anv\u00e4nder uppgifter om dina ink\u00f6p samt de kontaktuppgifter du l\u00e4mnar. Efter avslutad och betalning lagras informationen bara s\u00e5 l\u00e4nge som den m\u00e5ste enligt g\u00e4llande lagar om inte du har godk\u00e4nt fortsatt anv\u00e4ndning av informationen. I det fall du prenumererar p\u00e5 ett nyhetsbrev anv\u00e4nds din e-post adress i detta syfte tills du v\u00e4ljer att upph\u00f6ra med prenumerationen.<\/p> <p><strong>Vidarebefordran av personlig information <\/strong><\/p> <p>Relevant personlig information kan l\u00e4mnas vidare till transportf\u00f6retag\/tryckeri eller liknande om detta \u00e4r n\u00f6dv\u00e4ndigt f\u00f6r att leverera dina varor. N\u00e4r du betalar med Paypal\/Stripe g\u00e4ller deras integritetspolicy. KOMUDESIGNS Kommanditbolag ansvarar ej f\u00f6r information som du gett till annat f\u00f6retag under orderprocessen. Information l\u00e4mnas aldrig ut till tredje part av mig annat \u00e4n vid best\u00e4llning av frakt eller best\u00e4llning fr\u00e5n tryckeriet (tryckta produkter), och d\u00e5 endast din adress och telefonnummer.<\/p> <h4>CCPA:<\/h4> <p>DO NOT SELL - F\u00f6r inv\u00e5nare i Kaliforniern (ccpa lag) - Jag eller mitt f\u00f6retag kommer aldrig att s\u00e4lja din information. Detta g\u00e4ller s\u00e5 klart f\u00f6r alla, oavsett land, men med tanke p\u00e5 CCPA lagen vill jag ordagrant n\u00e4mna er.\u00a0<\/p> <p><strong>Cookies <\/strong><\/p> <p>Se\u00a0<a href=\"https:\/\/komudesigns.com\/sv\/cookiepolicy\/\">cookiepolicy<\/a><\/p> <p><strong>R\u00e4tt att fr\u00e5ga om information <\/strong><\/p> <p>Du har full r\u00e4tt att utan kostnad f\u00e5 all information om den personliga data jag lagrar som ber\u00f6r dig. Du har ocks\u00e5 r\u00e4tt att beg\u00e4ra \u00e4ndringar i, blockera eller stryka denna data.<\/p> <p><strong>Vem kan du kontakta? <\/strong><\/p> <p>Om du har fr\u00e5gor kring inh\u00e4mtandet, hanteringen eller anv\u00e4ndningen av din personliga information eller om du vill veta mer om, g\u00f6ra \u00e4ndringar i, blockera eller stryka personlig information kontakta:<\/p> <p>info [at] komudesigns.com<\/p> <p>eller<\/p> <p>KOMUDESIGNS Kommanditbolag<br>Gullsj\u00f6v\u00e4gen 3E<br>811 71 J\u00e4rbo<\/p> <p>+46 (0)762955016<\/p> <p>Observera att du bara kan skicka brev hit - detta \u00e4r inte en bes\u00f6ksadress. KOMUDESIGNS Kommanditbolag har ingen bes\u00f6ksadress eftersom f\u00f6retaget bara bedriver verksamhet online.<\/p>","_links":{"self":[{"href":"https:\/\/komudesigns.com\/en\/wp-json\/wp\/v2\/pages\/1415","targetHints":{"allow":["GET"]}}],"collection":[{"href":"https:\/\/komudesigns.com\/en\/wp-json\/wp\/v2\/pages"}],"about":[{"href":"https:\/\/komudesigns.com\/en\/wp-json\/wp\/v2\/types\/page"}],"author":[{"embeddable":true,"href":"https:\/\/komudesigns.com\/en\/wp-json\/wp\/v2\/users\/4"}],"replies":[{"embeddable":true,"href":"https:\/\/komudesigns.com\/en\/wp-json\/wp\/v2\/comments?post=1415"}],"version-history":[{"count":19,"href":"https:\/\/komudesigns.com\/en\/wp-json\/wp\/v2\/pages\/1415\/revisions"}],"predecessor-version":[{"id":8480,"href":"https:\/\/komudesigns.com\/en\/wp-json\/wp\/v2\/pages\/1415\/revisions\/8480"}],"wp:attachment":[{"href":"https:\/\/komudesigns.com\/en\/wp-json\/wp\/v2\/media?parent=1415"}],"curies":[{"name":"wp","href":"https:\/\/api.w.org\/{rel}","templated":true}]}}