{"id":1423,"date":"2020-05-25T12:49:02","date_gmt":"2020-05-25T12:49:02","guid":{"rendered":"https:\/\/komudesigns.com\/?page_id=1423"},"modified":"2026-04-11T12:12:46","modified_gmt":"2026-04-11T11:12:46","slug":"leveransinformation","status":"publish","type":"page","link":"https:\/\/komudesigns.com\/en\/leveransinformation\/","title":{"rendered":"DELIVERY INFORMATION"},"content":{"rendered":"<!--themify_builder_content-->\n<div id=\"themify_builder_content-1423\" data-postid=\"1423\" class=\"themify_builder_content themify_builder_content-1423 themify_builder tf_clear\">\n                    <div  data-lazy=\"1\" class=\"module_row themify_builder_row tb_ysgb372 tb_first tf_w\">\n                        <div class=\"row_inner col_align_top tb_col_count_1 tf_box tf_rel\">\n                        <div  data-lazy=\"1\" class=\"module_column tb-column col-full tb_5k1q373 first\">\n                    <!-- module text -->\n<div  class=\"module module-text tb_uzae899\" data-lazy=\"1\">\n        <div  class=\"tb_text_wrap\">\n        <h4>DELIVERY INFORMATION<\/h4>\n<p>Shipping costs are calculated per customer depending on the weight of the product and the destination country. When purchasing newly printed fabrics, these are sent directly from the printer and fall under CottonBees <a href=\"https:\/\/ctnbee.com\/faq\/en\/what-are-the-costs-and-shipping-options\/\">delivery conditions<\/a>. All fabrics and neckerchiefs <strong>except<\/strong> the triangular men's neckerchiefs which are shipped directly from the printing house with UPS or FedEx. The shipping cost is 159 SEK within Sweden and is of course traceable. The products are delivered directly to your home, or place of pick-up. Shipping costs to other countries is calculated at checkout. For shipping outside of the EU customs and import fees may apply.<\/p>\n<p>The triangular neckerchiefs are sent from me personally with Postnord, shipping costs vary depending on the country.<\/p>\n<p>Fabrics and scarves can currently only be sent to these countries:<\/p>\n<p><strong>Belgium, Bulgaria, Cyprus, Denmark, Estonia, Finland, France, Germany, Greece, Ireland, Italy, Latvia, Lithuania, Luxembourg, Malta, Netherlands, Poland, Portugal, Romania, Slovakia, Slovenia, Spain, Sweden, Hungary, Austria, Norway, Great Britain and Iceland.<\/strong><\/p>\n<p>Free shipping on orders of 2000 SEK (excluding digital products).<\/p>\n<p>Digital products are always delivered via email or can be downloaded directly from the website after purchase.<\/p>    <\/div>\n<\/div>\n<!-- \/module text -->        <\/div>\n                        <\/div>\n        <\/div>\n        <\/div>\n<!--\/themify_builder_content-->","protected":false},"excerpt":{"rendered":"<p>LEVERANSINFORMATION Fraktkostnader ber\u00e4knas per kund beroende p\u00e5 produktens vikt och destinationslandet. Vid k\u00f6p av nytryckta tyger och halskl\u00e4de. skickas dessa direkt fr\u00e5n tryckeriet och faller under CottonBees leveransvillkor. Alla tyger och halskl\u00e4den f\u00f6rutom de trekantiga herrhalskl\u00e4dena skickas direkt fr\u00e5n tryckeriet med UPS eller FedEx. Frakten kostar 159 kr till Sverige och \u00e4r sj\u00e4lvklart sp\u00e5rbar. I [&hellip;]<\/p>\n","protected":false},"author":4,"featured_media":5097,"parent":0,"menu_order":0,"comment_status":"closed","ping_status":"closed","template":"","meta":{"footnotes":""},"class_list":["post-1423","page","type-page","status-publish","has-post-thumbnail","hentry","has-post-title","has-post-date","has-post-category","has-post-tag","has-post-comment","has-post-author",""],"yoast_head":"<!-- This site is optimized with the Yoast SEO plugin v27.4 - https:\/\/yoast.com\/product\/yoast-seo-wordpress\/ -->\n<title>LEVERANSINFORMATION - KOMUDESIGNS<\/title>\n<meta name=\"description\" content=\"Leveransinformation f\u00f6r k\u00f6p fr\u00e5n KOMUDESIGNS Kommanditbolag. G\u00e4ller b\u00e5de fysiska produkter samt digitala produkter.\" \/>\n<meta name=\"robots\" content=\"index, follow, max-snippet:-1, max-image-preview:large, max-video-preview:-1\" \/>\n<link rel=\"canonical\" href=\"https:\/\/komudesigns.com\/en\/leveransinformation\/\" \/>\n<meta property=\"og:locale\" content=\"en_GB\" \/>\n<meta property=\"og:type\" content=\"article\" \/>\n<meta property=\"og:title\" content=\"LEVERANSINFORMATION - KOMUDESIGNS\" \/>\n<meta property=\"og:description\" content=\"Leveransinformation f\u00f6r k\u00f6p fr\u00e5n KOMUDESIGNS Kommanditbolag. G\u00e4ller b\u00e5de fysiska produkter samt digitala produkter.\" \/>\n<meta property=\"og:url\" content=\"https:\/\/komudesigns.com\/en\/leveransinformation\/\" \/>\n<meta property=\"og:site_name\" content=\"KOMUDESIGNS\" \/>\n<meta property=\"article:publisher\" content=\"https:\/\/www.facebook.com\/komudesigns\/\" \/>\n<meta property=\"article:modified_time\" content=\"2026-04-11T11:12:46+00:00\" \/>\n<meta property=\"og:image\" content=\"https:\/\/komudesigns.com\/wp-content\/uploads\/2022\/12\/komudesigns.jpg\" \/>\n\t<meta property=\"og:image:width\" content=\"300\" \/>\n\t<meta property=\"og:image:height\" content=\"300\" \/>\n\t<meta property=\"og:image:type\" content=\"image\/jpeg\" \/>\n<meta name=\"twitter:card\" content=\"summary_large_image\" \/>\n<meta name=\"twitter:label1\" content=\"Estimated reading time\" \/>\n\t<meta name=\"twitter:data1\" content=\"2 minutes\" \/>\n<script type=\"application\/ld+json\" class=\"yoast-schema-graph\">{\"@context\":\"https:\\\/\\\/schema.org\",\"@graph\":[{\"@type\":\"WebPage\",\"@id\":\"https:\\\/\\\/komudesigns.com\\\/leveransinformation\\\/\",\"url\":\"https:\\\/\\\/komudesigns.com\\\/leveransinformation\\\/\",\"name\":\"LEVERANSINFORMATION - KOMUDESIGNS\",\"isPartOf\":{\"@id\":\"https:\\\/\\\/komudesigns.com\\\/sv\\\/hem\\\/#website\"},\"primaryImageOfPage\":{\"@id\":\"https:\\\/\\\/komudesigns.com\\\/leveransinformation\\\/#primaryimage\"},\"image\":{\"@id\":\"https:\\\/\\\/komudesigns.com\\\/leveransinformation\\\/#primaryimage\"},\"thumbnailUrl\":\"https:\\\/\\\/komudesigns.com\\\/wp-content\\\/uploads\\\/2022\\\/12\\\/komudesigns.jpg\",\"datePublished\":\"2020-05-25T12:49:02+00:00\",\"dateModified\":\"2026-04-11T11:12:46+00:00\",\"description\":\"Leveransinformation f\u00f6r k\u00f6p fr\u00e5n KOMUDESIGNS Kommanditbolag. G\u00e4ller b\u00e5de fysiska produkter samt digitala produkter.\",\"breadcrumb\":{\"@id\":\"https:\\\/\\\/komudesigns.com\\\/leveransinformation\\\/#breadcrumb\"},\"inLanguage\":\"en-GB\",\"potentialAction\":[{\"@type\":\"ReadAction\",\"target\":[\"https:\\\/\\\/komudesigns.com\\\/leveransinformation\\\/\"]}]},{\"@type\":\"ImageObject\",\"inLanguage\":\"en-GB\",\"@id\":\"https:\\\/\\\/komudesigns.com\\\/leveransinformation\\\/#primaryimage\",\"url\":\"https:\\\/\\\/komudesigns.com\\\/wp-content\\\/uploads\\\/2022\\\/12\\\/komudesigns.jpg\",\"contentUrl\":\"https:\\\/\\\/komudesigns.com\\\/wp-content\\\/uploads\\\/2022\\\/12\\\/komudesigns.jpg\",\"width\":300,\"height\":300,\"caption\":\"KOMUDESIGNS skr\u00e4ddarsydda kl\u00e4der \\\/ bespoke clothes\"},{\"@type\":\"BreadcrumbList\",\"@id\":\"https:\\\/\\\/komudesigns.com\\\/leveransinformation\\\/#breadcrumb\",\"itemListElement\":[{\"@type\":\"ListItem\",\"position\":1,\"name\":\"Home\",\"item\":\"https:\\\/\\\/komudesigns.com\\\/\"},{\"@type\":\"ListItem\",\"position\":2,\"name\":\"LEVERANSINFORMATION\"}]},{\"@type\":\"WebSite\",\"@id\":\"https:\\\/\\\/komudesigns.com\\\/sv\\\/hem\\\/#website\",\"url\":\"https:\\\/\\\/komudesigns.com\\\/sv\\\/hem\\\/\",\"name\":\"KOMUDESIGNS\",\"description\":\"\",\"publisher\":{\"@id\":\"https:\\\/\\\/komudesigns.com\\\/sv\\\/hem\\\/#organization\"},\"potentialAction\":[{\"@type\":\"SearchAction\",\"target\":{\"@type\":\"EntryPoint\",\"urlTemplate\":\"https:\\\/\\\/komudesigns.com\\\/sv\\\/hem\\\/?s={search_term_string}\"},\"query-input\":{\"@type\":\"PropertyValueSpecification\",\"valueRequired\":true,\"valueName\":\"search_term_string\"}}],\"inLanguage\":\"en-GB\"},{\"@type\":\"Organization\",\"@id\":\"https:\\\/\\\/komudesigns.com\\\/sv\\\/hem\\\/#organization\",\"name\":\"KOMUDESIGNS Kommanditbolag\",\"url\":\"https:\\\/\\\/komudesigns.com\\\/sv\\\/hem\\\/\",\"logo\":{\"@type\":\"ImageObject\",\"inLanguage\":\"en-GB\",\"@id\":\"https:\\\/\\\/komudesigns.com\\\/sv\\\/hem\\\/#\\\/schema\\\/logo\\\/image\\\/\",\"url\":\"https:\\\/\\\/komudesigns.com\\\/wp-content\\\/uploads\\\/2022\\\/12\\\/komudesigns.jpg\",\"contentUrl\":\"https:\\\/\\\/komudesigns.com\\\/wp-content\\\/uploads\\\/2022\\\/12\\\/komudesigns.jpg\",\"width\":300,\"height\":300,\"caption\":\"KOMUDESIGNS Kommanditbolag\"},\"image\":{\"@id\":\"https:\\\/\\\/komudesigns.com\\\/sv\\\/hem\\\/#\\\/schema\\\/logo\\\/image\\\/\"},\"sameAs\":[\"https:\\\/\\\/www.facebook.com\\\/komudesigns\\\/\",\"https:\\\/\\\/www.instagram.com\\\/komudesigns\\\/\"]}]}<\/script>\n<!-- \/ Yoast SEO plugin. -->","yoast_head_json":{"title":"LEVERANSINFORMATION - KOMUDESIGNS","description":"Leveransinformation f\u00f6r k\u00f6p fr\u00e5n KOMUDESIGNS Kommanditbolag. G\u00e4ller b\u00e5de fysiska produkter samt digitala produkter.","robots":{"index":"index","follow":"follow","max-snippet":"max-snippet:-1","max-image-preview":"max-image-preview:large","max-video-preview":"max-video-preview:-1"},"canonical":"https:\/\/komudesigns.com\/en\/leveransinformation\/","og_locale":"en_GB","og_type":"article","og_title":"LEVERANSINFORMATION - KOMUDESIGNS","og_description":"Leveransinformation f\u00f6r k\u00f6p fr\u00e5n KOMUDESIGNS Kommanditbolag. G\u00e4ller b\u00e5de fysiska produkter samt digitala produkter.","og_url":"https:\/\/komudesigns.com\/en\/leveransinformation\/","og_site_name":"KOMUDESIGNS","article_publisher":"https:\/\/www.facebook.com\/komudesigns\/","article_modified_time":"2026-04-11T11:12:46+00:00","og_image":[{"width":300,"height":300,"url":"https:\/\/komudesigns.com\/wp-content\/uploads\/2022\/12\/komudesigns.jpg","type":"image\/jpeg"}],"twitter_card":"summary_large_image","twitter_misc":{"Estimated reading time":"2 minutes"},"schema":{"@context":"https:\/\/schema.org","@graph":[{"@type":"WebPage","@id":"https:\/\/komudesigns.com\/leveransinformation\/","url":"https:\/\/komudesigns.com\/leveransinformation\/","name":"LEVERANSINFORMATION - KOMUDESIGNS","isPartOf":{"@id":"https:\/\/komudesigns.com\/sv\/hem\/#website"},"primaryImageOfPage":{"@id":"https:\/\/komudesigns.com\/leveransinformation\/#primaryimage"},"image":{"@id":"https:\/\/komudesigns.com\/leveransinformation\/#primaryimage"},"thumbnailUrl":"https:\/\/komudesigns.com\/wp-content\/uploads\/2022\/12\/komudesigns.jpg","datePublished":"2020-05-25T12:49:02+00:00","dateModified":"2026-04-11T11:12:46+00:00","description":"Leveransinformation f\u00f6r k\u00f6p fr\u00e5n KOMUDESIGNS Kommanditbolag. G\u00e4ller b\u00e5de fysiska produkter samt digitala produkter.","breadcrumb":{"@id":"https:\/\/komudesigns.com\/leveransinformation\/#breadcrumb"},"inLanguage":"en-GB","potentialAction":[{"@type":"ReadAction","target":["https:\/\/komudesigns.com\/leveransinformation\/"]}]},{"@type":"ImageObject","inLanguage":"en-GB","@id":"https:\/\/komudesigns.com\/leveransinformation\/#primaryimage","url":"https:\/\/komudesigns.com\/wp-content\/uploads\/2022\/12\/komudesigns.jpg","contentUrl":"https:\/\/komudesigns.com\/wp-content\/uploads\/2022\/12\/komudesigns.jpg","width":300,"height":300,"caption":"KOMUDESIGNS skr\u00e4ddarsydda kl\u00e4der \/ bespoke clothes"},{"@type":"BreadcrumbList","@id":"https:\/\/komudesigns.com\/leveransinformation\/#breadcrumb","itemListElement":[{"@type":"ListItem","position":1,"name":"Home","item":"https:\/\/komudesigns.com\/"},{"@type":"ListItem","position":2,"name":"LEVERANSINFORMATION"}]},{"@type":"WebSite","@id":"https:\/\/komudesigns.com\/sv\/hem\/#website","url":"https:\/\/komudesigns.com\/sv\/hem\/","name":"COMFORT DESIGN","description":"","publisher":{"@id":"https:\/\/komudesigns.com\/sv\/hem\/#organization"},"potentialAction":[{"@type":"SearchAction","target":{"@type":"EntryPoint","urlTemplate":"https:\/\/komudesigns.com\/sv\/hem\/?s={search_term_string}"},"query-input":{"@type":"PropertyValueSpecification","valueRequired":true,"valueName":"search_term_string"}}],"inLanguage":"en-GB"},{"@type":"Organization","@id":"https:\/\/komudesigns.com\/sv\/hem\/#organization","name":"KOMUDESIGNS Kommanditbolag","url":"https:\/\/komudesigns.com\/sv\/hem\/","logo":{"@type":"ImageObject","inLanguage":"en-GB","@id":"https:\/\/komudesigns.com\/sv\/hem\/#\/schema\/logo\/image\/","url":"https:\/\/komudesigns.com\/wp-content\/uploads\/2022\/12\/komudesigns.jpg","contentUrl":"https:\/\/komudesigns.com\/wp-content\/uploads\/2022\/12\/komudesigns.jpg","width":300,"height":300,"caption":"KOMUDESIGNS Kommanditbolag"},"image":{"@id":"https:\/\/komudesigns.com\/sv\/hem\/#\/schema\/logo\/image\/"},"sameAs":["https:\/\/www.facebook.com\/komudesigns\/","https:\/\/www.instagram.com\/komudesigns\/"]}]}},"builder_content":"<h4>LEVERANSINFORMATION<\/h4> <p>Fraktkostnader ber\u00e4knas per kund beroende p\u00e5 produktens vikt och destinationslandet. Vid k\u00f6p av nytryckta tyger och halskl\u00e4de. skickas dessa direkt fr\u00e5n tryckeriet och faller under CottonBees <a href=\"https:\/\/ctnbee.com\/faq\/en\/what-are-the-costs-and-shipping-options\/\">leveransvillkor<\/a>. Alla tyger och halskl\u00e4den <strong>f\u00f6rutom<\/strong> de trekantiga herrhalskl\u00e4dena skickas direkt fr\u00e5n tryckeriet med UPS eller FedEx. Frakten kostar 159 kr till Sverige och \u00e4r sj\u00e4lvklart sp\u00e5rbar. I f\u00f6rsta hand levereras produkterna direkt hem till dig, annars till ombud. Fraktkostnad till andra l\u00e4nder ber\u00e4knas i kassan. F\u00f6r leveranser till Norge och Storbritannien kan import\/tullavgifter tillkomma.<\/p> <p>De trekantiga halskl\u00e4dena skickas oftast fr\u00e5n mig personligen med Postnord, fraktkostnad varierar beroende p\u00e5 land.<\/p> <p>Tyger och halskl\u00e4den kan i dagsl\u00e4get endast skickas till dessa l\u00e4nder:<\/p> <p><strong>Belgien, Bulgarien, Cypern, Danmark, Estland, Finland, Frankrike, Grekland, Irland, Italien, Kroatien, Lettland, Litauen, Luxemburg, Malta, Nederl\u00e4nderna, Polen, Portugal, Rum\u00e4nien, Slovakien, Slovenien, Spanien, Sverige, Tjeckien, Tyskland, Ungern, \u00d6sterrike, Norge, Storbritannien och Island.<\/strong><\/p> <p>Fri frakt p\u00e5 k\u00f6p \u00f6ver 2000 kr (exkl. digitala produkter).<\/p> <p>Digitala produkter levereras alltid via epost eller g\u00e5r att ladda ned direkt p\u00e5 hemsidan efter k\u00f6p.<\/p>","_links":{"self":[{"href":"https:\/\/komudesigns.com\/en\/wp-json\/wp\/v2\/pages\/1423","targetHints":{"allow":["GET"]}}],"collection":[{"href":"https:\/\/komudesigns.com\/en\/wp-json\/wp\/v2\/pages"}],"about":[{"href":"https:\/\/komudesigns.com\/en\/wp-json\/wp\/v2\/types\/page"}],"author":[{"embeddable":true,"href":"https:\/\/komudesigns.com\/en\/wp-json\/wp\/v2\/users\/4"}],"replies":[{"embeddable":true,"href":"https:\/\/komudesigns.com\/en\/wp-json\/wp\/v2\/comments?post=1423"}],"version-history":[{"count":35,"href":"https:\/\/komudesigns.com\/en\/wp-json\/wp\/v2\/pages\/1423\/revisions"}],"predecessor-version":[{"id":8553,"href":"https:\/\/komudesigns.com\/en\/wp-json\/wp\/v2\/pages\/1423\/revisions\/8553"}],"wp:featuredmedia":[{"embeddable":true,"href":"https:\/\/komudesigns.com\/en\/wp-json\/wp\/v2\/media\/5097"}],"wp:attachment":[{"href":"https:\/\/komudesigns.com\/en\/wp-json\/wp\/v2\/media?parent=1423"}],"curies":[{"name":"wp","href":"https:\/\/api.w.org\/{rel}","templated":true}]}}