{"id":558,"date":"2020-02-25T11:42:54","date_gmt":"2020-02-25T11:42:54","guid":{"rendered":"https:\/\/komudesigns.com\/?page_id=558"},"modified":"2026-04-12T10:48:58","modified_gmt":"2026-04-12T09:48:58","slug":"om-foretaget","status":"publish","type":"page","link":"https:\/\/komudesigns.com\/en\/om-foretaget\/","title":{"rendered":"ABOUT THE COMPANY"},"content":{"rendered":"<!--themify_builder_content-->\n<div id=\"themify_builder_content-558\" data-postid=\"558\" class=\"themify_builder_content themify_builder_content-558 themify_builder tf_clear\">\n                    <div  data-lazy=\"1\" class=\"module_row themify_builder_row tb_9bcl763 tb_first tf_w\">\n                        <div class=\"row_inner col_align_top tb_col_count_1 tf_box tf_rel\">\n                        <div  data-lazy=\"1\" class=\"module_column tb-column col-full tb_sywy764 first\">\n                    <!-- module text -->\n<div  class=\"module module-text tb_hjls764\" data-lazy=\"1\">\n        <div  class=\"tb_text_wrap\">\n        <h3 style=\"text-align: center;\">A small company with big ideas<\/h3>    <\/div>\n<\/div>\n<!-- \/module text --><!-- module text -->\n<div  class=\"module module-text tb_0gm7943\" data-lazy=\"1\">\n        <div  class=\"tb_text_wrap\">\n        <h4 style=\"text-align: center;\">THE BRAND offers printed fabrics, sewing patterns and SERVICES in digitizing, folk wear sewing &amp; GRAPHIC DESIGN. But who is behind the company?<\/h4>    <\/div>\n<\/div>\n<!-- \/module text -->        <\/div>\n                        <\/div>\n        <\/div>\n                        <div  data-lazy=\"1\" class=\"module_row themify_builder_row tb_1gh3292 tf_w\">\n                        <div class=\"row_inner col_align_top gutter-none tb_col_count_2 tf_box tf_rel\">\n                        <div  data-lazy=\"1\" class=\"module_column tb-column col4-2 tb_jq5v292 first\">\n                    <!-- module image -->\n<div  class=\"module module-image tb_dnka293 image-top circle  tf_mw wow\" data-tf-animation=\"slideInLeft\" data-lazy=\"1\" data-lax-translate-y=\"(vh*1) 0,(vh*0) 70\" data-lax=\"true\">\n        <div class=\"image-wrap tf_rel tf_mw\">\n            <img loading=\"lazy\" decoding=\"async\" width=\"1372\" height=\"1372\" src=\"https:\/\/komudesigns.com\/wp-content\/uploads\/2026\/04\/IMG202507061819131.jpg\" class=\"wp-post-image wp-image-8555\" title=\"om\" alt=\"om\" srcset=\"https:\/\/komudesigns.com\/wp-content\/uploads\/2026\/04\/IMG202507061819131.jpg 1372w, https:\/\/komudesigns.com\/wp-content\/uploads\/2026\/04\/IMG202507061819131-300x300.jpg 300w, https:\/\/komudesigns.com\/wp-content\/uploads\/2026\/04\/IMG202507061819131-1024x1024.jpg 1024w, https:\/\/komudesigns.com\/wp-content\/uploads\/2026\/04\/IMG202507061819131-80x80.jpg 80w, https:\/\/komudesigns.com\/wp-content\/uploads\/2026\/04\/IMG202507061819131-768x768.jpg 768w, https:\/\/komudesigns.com\/wp-content\/uploads\/2026\/04\/IMG202507061819131-12x12.jpg 12w, https:\/\/komudesigns.com\/wp-content\/uploads\/2026\/04\/IMG202507061819131-1200x1200.jpg 1200w, https:\/\/komudesigns.com\/wp-content\/uploads\/2026\/04\/IMG202507061819131-100x100.jpg 100w\" sizes=\"auto, (max-width: 1372px) 100vw, 1372px\" \/>    \n        <\/div>\n    <!-- \/image-wrap -->\n    \n        <\/div>\n<!-- \/module image -->        <\/div>\n                    <div  data-lazy=\"1\" class=\"module_column tb-column col4-2 tb_1og7294 last\">\n                    <!-- module text -->\n<div  class=\"module module-text tb_jjwz294\" data-lazy=\"1\">\n        <div  class=\"tb_text_wrap\">\n        <h3>Hello<\/h3>\n<h4 style=\"text-align: left;\">My name is Madelene Dahlberg &amp;\u00a0I'm the creator of KOMUDESIGNS.<\/h4>\n<p>I am 35 years old and live in the Swedish countryside with my dog. I have a graphic design education but a love for sewing. I am primarily self-taught from an early age, but have participated in several courses and workshops over the years to strengthen my knowledge.<\/p>\n<p>The business is run on a part-time basis.\u00a0<\/p>\n<h4>Why Komudesigns?<\/h4>\n<p>Well, I had to come up with a name for a graduation project in 2010. I mashed up the word designs with a nickname from my cosplay days and had a giggle over it since translated into Swedish, it literally means \"cow\" \"moo\", and I've always liked cows. Then I needed a website for a portfolio, and the name stuck. The company itself I created out of sheer frustrated stubbornness.<\/p>\n<p>I was diagnosed with anxiety and depression early on, then with severe chronic migraines and later with Autism. Time and time again, I was told I'd likely never be able to work. This is where my Autism kicks in with its laser focus on certain interests.<\/p>\n<p>Mine? Design and sewing. I was a child draping curtains on my mother's mannequin and drawing on all sorts of paper. A teenager who started with cosplay, graphic design and photography. An adult who immersed himself in historical sewing, corsetry and embroidery, and later folk costume.<\/p>\n<h4>Launch of the company<\/h4>\n<p>I wanted to be able to work, even if it was only for 1 hour a week. The portfolio was quickly converted into a proper company website and KOMUDESIGNS Kommanditbolag was registered as a company in early 2020.\u00a0<\/p>\n<p>My diagnoses have long felt like stop signs, but in reality, they turned out to be the very thing that made this whole thing possible.\u00a0<\/p>\n<h4>What's happening now<\/h4>\n<p>You may have noticed that my website looks a little different - you can no longer order riding skirts. This part of the company is phased out.<\/p>    <\/div>\n<\/div>\n<!-- \/module text -->        <\/div>\n                        <\/div>\n        <\/div>\n        <\/div>\n<!--\/themify_builder_content-->","protected":false},"excerpt":{"rendered":"<p>A small company with big ideas<\/p>","protected":false},"author":4,"featured_media":4264,"parent":0,"menu_order":0,"comment_status":"open","ping_status":"open","template":"","meta":{"footnotes":""},"class_list":["post-558","page","type-page","status-publish","has-post-thumbnail","hentry","has-post-title","has-post-date","has-post-category","has-post-tag","has-post-comment","has-post-author",""],"yoast_head":"<!-- This site is optimized with the Yoast SEO plugin v27.3 - https:\/\/yoast.com\/product\/yoast-seo-wordpress\/ -->\n<title>OM F\u00d6RETAGET - KOMUDESIGNS<\/title>\n<meta name=\"description\" content=\"L\u00e4s om vem som st\u00e5r bakom KOMUDESIGNS, hur f\u00f6retaget startades och mycket mer.\" \/>\n<meta name=\"robots\" content=\"index, follow, max-snippet:-1, max-image-preview:large, max-video-preview:-1\" \/>\n<link rel=\"canonical\" href=\"https:\/\/komudesigns.com\/en\/om-foretaget\/\" \/>\n<meta property=\"og:locale\" content=\"en_GB\" \/>\n<meta property=\"og:type\" content=\"article\" \/>\n<meta property=\"og:title\" content=\"OM F\u00d6RETAGET - KOMUDESIGNS\" \/>\n<meta property=\"og:description\" content=\"L\u00e4s om vem som st\u00e5r bakom KOMUDESIGNS, hur f\u00f6retaget startades och mycket mer.\" \/>\n<meta property=\"og:url\" content=\"https:\/\/komudesigns.com\/en\/om-foretaget\/\" \/>\n<meta property=\"og:site_name\" content=\"KOMUDESIGNS\" \/>\n<meta property=\"article:publisher\" content=\"https:\/\/www.facebook.com\/komudesigns\/\" \/>\n<meta property=\"article:modified_time\" content=\"2026-04-12T09:48:58+00:00\" \/>\n<meta property=\"og:image\" content=\"https:\/\/komudesigns.com\/wp-content\/uploads\/2022\/06\/DSC_5793112.jpg\" \/>\n\t<meta property=\"og:image:width\" content=\"762\" \/>\n\t<meta property=\"og:image:height\" content=\"762\" \/>\n\t<meta property=\"og:image:type\" content=\"image\/jpeg\" \/>\n<meta name=\"twitter:card\" content=\"summary_large_image\" \/>\n<meta name=\"twitter:label1\" content=\"Estimated reading time\" \/>\n\t<meta name=\"twitter:data1\" content=\"5 minutes\" \/>\n<script type=\"application\/ld+json\" class=\"yoast-schema-graph\">{\"@context\":\"https:\\\/\\\/schema.org\",\"@graph\":[{\"@type\":\"WebPage\",\"@id\":\"https:\\\/\\\/komudesigns.com\\\/om-foretaget\\\/\",\"url\":\"https:\\\/\\\/komudesigns.com\\\/om-foretaget\\\/\",\"name\":\"OM F\u00d6RETAGET - KOMUDESIGNS\",\"isPartOf\":{\"@id\":\"https:\\\/\\\/komudesigns.com\\\/sv\\\/hem\\\/#website\"},\"primaryImageOfPage\":{\"@id\":\"https:\\\/\\\/komudesigns.com\\\/om-foretaget\\\/#primaryimage\"},\"image\":{\"@id\":\"https:\\\/\\\/komudesigns.com\\\/om-foretaget\\\/#primaryimage\"},\"thumbnailUrl\":\"https:\\\/\\\/komudesigns.com\\\/wp-content\\\/uploads\\\/2022\\\/06\\\/DSC_5793112.jpg\",\"datePublished\":\"2020-02-25T11:42:54+00:00\",\"dateModified\":\"2026-04-12T09:48:58+00:00\",\"description\":\"L\u00e4s om vem som st\u00e5r bakom KOMUDESIGNS, hur f\u00f6retaget startades och mycket mer.\",\"breadcrumb\":{\"@id\":\"https:\\\/\\\/komudesigns.com\\\/om-foretaget\\\/#breadcrumb\"},\"inLanguage\":\"en-GB\",\"potentialAction\":[{\"@type\":\"ReadAction\",\"target\":[\"https:\\\/\\\/komudesigns.com\\\/om-foretaget\\\/\"]}]},{\"@type\":\"ImageObject\",\"inLanguage\":\"en-GB\",\"@id\":\"https:\\\/\\\/komudesigns.com\\\/om-foretaget\\\/#primaryimage\",\"url\":\"https:\\\/\\\/komudesigns.com\\\/wp-content\\\/uploads\\\/2022\\\/06\\\/DSC_5793112.jpg\",\"contentUrl\":\"https:\\\/\\\/komudesigns.com\\\/wp-content\\\/uploads\\\/2022\\\/06\\\/DSC_5793112.jpg\",\"width\":762,\"height\":762,\"caption\":\"About me \\\/ Om mig\"},{\"@type\":\"BreadcrumbList\",\"@id\":\"https:\\\/\\\/komudesigns.com\\\/om-foretaget\\\/#breadcrumb\",\"itemListElement\":[{\"@type\":\"ListItem\",\"position\":1,\"name\":\"Home\",\"item\":\"https:\\\/\\\/komudesigns.com\\\/\"},{\"@type\":\"ListItem\",\"position\":2,\"name\":\"OM F\u00d6RETAGET\"}]},{\"@type\":\"WebSite\",\"@id\":\"https:\\\/\\\/komudesigns.com\\\/sv\\\/hem\\\/#website\",\"url\":\"https:\\\/\\\/komudesigns.com\\\/sv\\\/hem\\\/\",\"name\":\"KOMUDESIGNS\",\"description\":\"\",\"publisher\":{\"@id\":\"https:\\\/\\\/komudesigns.com\\\/sv\\\/hem\\\/#organization\"},\"potentialAction\":[{\"@type\":\"SearchAction\",\"target\":{\"@type\":\"EntryPoint\",\"urlTemplate\":\"https:\\\/\\\/komudesigns.com\\\/sv\\\/hem\\\/?s={search_term_string}\"},\"query-input\":{\"@type\":\"PropertyValueSpecification\",\"valueRequired\":true,\"valueName\":\"search_term_string\"}}],\"inLanguage\":\"en-GB\"},{\"@type\":\"Organization\",\"@id\":\"https:\\\/\\\/komudesigns.com\\\/sv\\\/hem\\\/#organization\",\"name\":\"KOMUDESIGNS Kommanditbolag\",\"url\":\"https:\\\/\\\/komudesigns.com\\\/sv\\\/hem\\\/\",\"logo\":{\"@type\":\"ImageObject\",\"inLanguage\":\"en-GB\",\"@id\":\"https:\\\/\\\/komudesigns.com\\\/sv\\\/hem\\\/#\\\/schema\\\/logo\\\/image\\\/\",\"url\":\"https:\\\/\\\/komudesigns.com\\\/wp-content\\\/uploads\\\/2022\\\/12\\\/komudesigns.jpg\",\"contentUrl\":\"https:\\\/\\\/komudesigns.com\\\/wp-content\\\/uploads\\\/2022\\\/12\\\/komudesigns.jpg\",\"width\":300,\"height\":300,\"caption\":\"KOMUDESIGNS Kommanditbolag\"},\"image\":{\"@id\":\"https:\\\/\\\/komudesigns.com\\\/sv\\\/hem\\\/#\\\/schema\\\/logo\\\/image\\\/\"},\"sameAs\":[\"https:\\\/\\\/www.facebook.com\\\/komudesigns\\\/\",\"https:\\\/\\\/www.instagram.com\\\/komudesigns\\\/\"]}]}<\/script>\n<!-- \/ Yoast SEO plugin. -->","yoast_head_json":{"title":"OM F\u00d6RETAGET - KOMUDESIGNS","description":"L\u00e4s om vem som st\u00e5r bakom KOMUDESIGNS, hur f\u00f6retaget startades och mycket mer.","robots":{"index":"index","follow":"follow","max-snippet":"max-snippet:-1","max-image-preview":"max-image-preview:large","max-video-preview":"max-video-preview:-1"},"canonical":"https:\/\/komudesigns.com\/en\/om-foretaget\/","og_locale":"en_GB","og_type":"article","og_title":"OM F\u00d6RETAGET - KOMUDESIGNS","og_description":"L\u00e4s om vem som st\u00e5r bakom KOMUDESIGNS, hur f\u00f6retaget startades och mycket mer.","og_url":"https:\/\/komudesigns.com\/en\/om-foretaget\/","og_site_name":"KOMUDESIGNS","article_publisher":"https:\/\/www.facebook.com\/komudesigns\/","article_modified_time":"2026-04-12T09:48:58+00:00","og_image":[{"width":762,"height":762,"url":"https:\/\/komudesigns.com\/wp-content\/uploads\/2022\/06\/DSC_5793112.jpg","type":"image\/jpeg"}],"twitter_card":"summary_large_image","twitter_misc":{"Estimated reading time":"5 minutes"},"schema":{"@context":"https:\/\/schema.org","@graph":[{"@type":"WebPage","@id":"https:\/\/komudesigns.com\/om-foretaget\/","url":"https:\/\/komudesigns.com\/om-foretaget\/","name":"OM F\u00d6RETAGET - KOMUDESIGNS","isPartOf":{"@id":"https:\/\/komudesigns.com\/sv\/hem\/#website"},"primaryImageOfPage":{"@id":"https:\/\/komudesigns.com\/om-foretaget\/#primaryimage"},"image":{"@id":"https:\/\/komudesigns.com\/om-foretaget\/#primaryimage"},"thumbnailUrl":"https:\/\/komudesigns.com\/wp-content\/uploads\/2022\/06\/DSC_5793112.jpg","datePublished":"2020-02-25T11:42:54+00:00","dateModified":"2026-04-12T09:48:58+00:00","description":"L\u00e4s om vem som st\u00e5r bakom KOMUDESIGNS, hur f\u00f6retaget startades och mycket mer.","breadcrumb":{"@id":"https:\/\/komudesigns.com\/om-foretaget\/#breadcrumb"},"inLanguage":"en-GB","potentialAction":[{"@type":"ReadAction","target":["https:\/\/komudesigns.com\/om-foretaget\/"]}]},{"@type":"ImageObject","inLanguage":"en-GB","@id":"https:\/\/komudesigns.com\/om-foretaget\/#primaryimage","url":"https:\/\/komudesigns.com\/wp-content\/uploads\/2022\/06\/DSC_5793112.jpg","contentUrl":"https:\/\/komudesigns.com\/wp-content\/uploads\/2022\/06\/DSC_5793112.jpg","width":762,"height":762,"caption":"About me \/ Om mig"},{"@type":"BreadcrumbList","@id":"https:\/\/komudesigns.com\/om-foretaget\/#breadcrumb","itemListElement":[{"@type":"ListItem","position":1,"name":"Home","item":"https:\/\/komudesigns.com\/"},{"@type":"ListItem","position":2,"name":"OM F\u00d6RETAGET"}]},{"@type":"WebSite","@id":"https:\/\/komudesigns.com\/sv\/hem\/#website","url":"https:\/\/komudesigns.com\/sv\/hem\/","name":"COMFORT DESIGN","description":"","publisher":{"@id":"https:\/\/komudesigns.com\/sv\/hem\/#organization"},"potentialAction":[{"@type":"SearchAction","target":{"@type":"EntryPoint","urlTemplate":"https:\/\/komudesigns.com\/sv\/hem\/?s={search_term_string}"},"query-input":{"@type":"PropertyValueSpecification","valueRequired":true,"valueName":"search_term_string"}}],"inLanguage":"en-GB"},{"@type":"Organization","@id":"https:\/\/komudesigns.com\/sv\/hem\/#organization","name":"KOMUDESIGNS Kommanditbolag","url":"https:\/\/komudesigns.com\/sv\/hem\/","logo":{"@type":"ImageObject","inLanguage":"en-GB","@id":"https:\/\/komudesigns.com\/sv\/hem\/#\/schema\/logo\/image\/","url":"https:\/\/komudesigns.com\/wp-content\/uploads\/2022\/12\/komudesigns.jpg","contentUrl":"https:\/\/komudesigns.com\/wp-content\/uploads\/2022\/12\/komudesigns.jpg","width":300,"height":300,"caption":"KOMUDESIGNS Kommanditbolag"},"image":{"@id":"https:\/\/komudesigns.com\/sv\/hem\/#\/schema\/logo\/image\/"},"sameAs":["https:\/\/www.facebook.com\/komudesigns\/","https:\/\/www.instagram.com\/komudesigns\/"]}]}},"builder_content":"<h3 style=\"text-align: center;\">Ett litet f\u00f6retag med stora id\u00e9er<\/h3>\n<h4 style=\"text-align: center;\">VARUM\u00c4RKET s\u00e4ljer nytryck av tyger, sym\u00f6nster samt TJ\u00c4NSTER INOM digitalisering, folkdr\u00e4ktss\u00f6mnad &amp; GRAFISK DESIGN. Men vem ligger bakom f\u00f6retaget?<\/h4>\n<img src=\"https:\/\/komudesigns.com\/wp-content\/uploads\/2026\/04\/IMG202507061819131.jpg\" title=\"om\" alt=\"om\" srcset=\"https:\/\/komudesigns.com\/wp-content\/uploads\/2026\/04\/IMG202507061819131.jpg 1372w, https:\/\/komudesigns.com\/wp-content\/uploads\/2026\/04\/IMG202507061819131-300x300.jpg 300w, https:\/\/komudesigns.com\/wp-content\/uploads\/2026\/04\/IMG202507061819131-1024x1024.jpg 1024w, https:\/\/komudesigns.com\/wp-content\/uploads\/2026\/04\/IMG202507061819131-80x80.jpg 80w, https:\/\/komudesigns.com\/wp-content\/uploads\/2026\/04\/IMG202507061819131-768x768.jpg 768w, https:\/\/komudesigns.com\/wp-content\/uploads\/2026\/04\/IMG202507061819131-12x12.jpg 12w, https:\/\/komudesigns.com\/wp-content\/uploads\/2026\/04\/IMG202507061819131-1200x1200.jpg 1200w, https:\/\/komudesigns.com\/wp-content\/uploads\/2026\/04\/IMG202507061819131-100x100.jpg 100w\" sizes=\"(max-width: 1372px) 100vw, 1372px\" \/>\n<h3>Hej<\/h3> <h4 style=\"text-align: left;\">Jag heter Madelene Dahlberg &amp; \u00e4r skaparen av KOMUDESIGNS.<\/h4> <p>Jag \u00e4r 35 \u00e5r och bor p\u00e5 den svenska landsbygden med min hund. Jag har en utbildning grafisk designer men en k\u00e4rlek f\u00f6r s\u00f6mnad. Jag \u00e4r i f\u00f6rsta hand sj\u00e4lvl\u00e4rd fr\u00e5n tidig \u00e5lder, men har deltagit i flera kurser och workshops genom \u00e5ren f\u00f6r att st\u00e4rka min kunskap.<\/p> <p>F\u00f6retaget drivs p\u00e5 deltidsniv\u00e5.\u00a0<\/p> <h4>Varf\u00f6r Komudesigns?<\/h4> <p>Tja, jag var tvungen att komma p\u00e5 ett namn f\u00f6r ett examensprojekt 2010. Jag mixade ordet designs med ett smeknamn fr\u00e5n mina cosplay-dagar och fnissade lite \u00f6ver det d\u00e5 jag gillar kor och det ju bokstavligen \u00e4r \"ko\" \"mu\". Sedan beh\u00f6vde jag en webbplats f\u00f6r en portfolio, och namnet fick f\u00f6lja med. Sj\u00e4lva f\u00f6retaget skapade jag av ren frustrerad envishet.<\/p> <p>Jag fick diagnoserna \u00e5ngest och depression tidigt, sen sv\u00e5r kronisk migr\u00e4n och senare autism. G\u00e5ng p\u00e5 g\u00e5ng fick jag h\u00f6ra att jag f\u00f6rmodligen aldrig skulle kunna arbeta. Det \u00e4r h\u00e4r min autism kommer in med sitt laserfokus p\u00e5 s\u00e4rskilda intressen.<\/p> <p>Mina? Design och s\u00f6mnad. Jag var ett barn som draperade gardiner p\u00e5 mammas provdocka och ritade p\u00e5 allt vad papper hette. En ton\u00e5ring som b\u00f6rjade med cosplay, grafisk design och fotografi. En vuxen som f\u00f6rdjupade sig i historisk s\u00f6mnad, korsetter och broderi, och senare folkdr\u00e4kt.<\/p> <h4>F\u00f6retagets lansering<\/h4> <p>Jag ville kunna jobba, \u00e4ven om det bara handlade om 1 timme i veckan. Portfolion omvandlades snabbt till en ordentlig f\u00f6retagshemsida och KOMUDESIGNS Kommanditbolag registrerades som f\u00f6retag i b\u00f6rjan av 2020.\u00a0<\/p> <p>Mina diagnoser har l\u00e4nge k\u00e4nts som stoppskyltar, men i verkligheten visade de sig vara just det som gjorde det hela m\u00f6jligt.\u00a0<\/p> <h4>Dagsl\u00e4get<\/h4> <p>Du kanske har m\u00e4rkt att min hemsida ser lite annorlunda ut - du kan inte best\u00e4lla ridkjolar l\u00e4ngre. Denna del av f\u00f6retaget \u00e4r utfasad.<\/p>","_links":{"self":[{"href":"https:\/\/komudesigns.com\/en\/wp-json\/wp\/v2\/pages\/558","targetHints":{"allow":["GET"]}}],"collection":[{"href":"https:\/\/komudesigns.com\/en\/wp-json\/wp\/v2\/pages"}],"about":[{"href":"https:\/\/komudesigns.com\/en\/wp-json\/wp\/v2\/types\/page"}],"author":[{"embeddable":true,"href":"https:\/\/komudesigns.com\/en\/wp-json\/wp\/v2\/users\/4"}],"replies":[{"embeddable":true,"href":"https:\/\/komudesigns.com\/en\/wp-json\/wp\/v2\/comments?post=558"}],"version-history":[{"count":105,"href":"https:\/\/komudesigns.com\/en\/wp-json\/wp\/v2\/pages\/558\/revisions"}],"predecessor-version":[{"id":8566,"href":"https:\/\/komudesigns.com\/en\/wp-json\/wp\/v2\/pages\/558\/revisions\/8566"}],"wp:featuredmedia":[{"embeddable":true,"href":"https:\/\/komudesigns.com\/en\/wp-json\/wp\/v2\/media\/4264"}],"wp:attachment":[{"href":"https:\/\/komudesigns.com\/en\/wp-json\/wp\/v2\/media?parent=558"}],"curies":[{"name":"wp","href":"https:\/\/api.w.org\/{rel}","templated":true}]}}