{"id":565,"date":"2020-02-25T11:45:24","date_gmt":"2020-02-25T11:45:24","guid":{"rendered":"https:\/\/komudesigns.com\/?page_id=565"},"modified":"2026-01-09T09:28:07","modified_gmt":"2026-01-09T08:28:07","slug":"kontakt","status":"publish","type":"page","link":"https:\/\/komudesigns.com\/en\/kontakt\/","title":{"rendered":"CONTACT"},"content":{"rendered":"<!--themify_builder_content-->\n<div id=\"themify_builder_content-565\" data-postid=\"565\" class=\"themify_builder_content themify_builder_content-565 themify_builder tf_clear\">\n                    <div  data-lazy=\"1\" class=\"module_row themify_builder_row tb_2zgx333 tb_first tf_w\">\n                        <div class=\"row_inner col_align_top tb_col_count_1 tf_box tf_rel\">\n                        <div  data-lazy=\"1\" class=\"module_column tb-column col-full tb_45g0333 first\">\n                    <!-- module text -->\n<div  class=\"module module-text tb_omng218   \" data-lazy=\"1\">\n        <div  class=\"tb_text_wrap\">\n        <h3 style=\"text-align: center;\">Kontakta f\u00f6retaget<\/h3>\n<h4 style=\"text-align: center;\">Har du n\u00e5gra fr\u00e5gor eller \u00e4r du intresserad av att best\u00e4lla n\u00e5got?<\/h4>\n<p style=\"text-align: center;\">Kontakta mig d\u00e5 g\u00e4rna via <a href=\"https:\/\/www.instagram.com\/komudesigns\/\">Instagram<\/a>, <a href=\"https:\/\/www.facebook.com\/komudesigns\/\" target=\"_blank\" rel=\"noopener\">Facebook<\/a> eller anv\u00e4nd kontaktformul\u00e4ret f\u00f6r att skicka mig ett mail.<\/p>    <\/div>\n<\/div>\n<!-- \/module text --><!-- module contact -->\n<div  id=\"tb_8gum356\" class=\"module module-contact tb_8gum356 contact-style1 \" data-lazy=\"1\">\n    \n\t<form class=\"builder-contact\"\n\t\tid=\"tb_8gum356-form\"\n\t\tmethod=\"post\"\n\t\tdata-post-id=\"565\"\n\t\tdata-element-id=\"8gum356\"\n\t\tdata-orig-id=\"565\"\n\t>\n    <div class=\"contact-message\"><\/div>\n\t<input type=\"hidden\" id=\"bc_nonce\" name=\"bc_nonce\" value=\"ea795014f8\" \/><input type=\"hidden\" name=\"_wp_http_referer\" value=\"\/en\/wp-json\/wp\/v2\/pages\/565\" \/>\t<div class=\"builder-contact-fields tf_rel\">\n\t\t    \t\t    \t\t    <div class=\"builder-contact-field builder-contact-field-extra builder-contact-text-field\">\n\t\t\t\t\n\t\t\t\t<label class=\"control-label\" for=\"field_extra_tb_8gum356_0\">\n\t\t\t\t\t\n\t\t\t\t\tNAMN:\t\t\t\t\t\t\t\t\t\t\t<input type=\"hidden\" name=\"field_extra_name_0\" value=\"NAMN:\">\n\t\t\t\t\t\t\t\t\t\t\t<span class=\"required\">*<\/span>\n\t\t\t\t\t\t\t\t\t<\/label>\n\t\t\t\t<div class=\"control-input tf_rel\">\n\t\t\t\t\t\t\t\t\t\t\t<input type=\"text\" name=\"field_extra_0\" id=\"field_extra_tb_8gum356_0\" placeholder=\"\" class=\"form-control\" required>\n\t\t\t\t\t\n\t\t\t\t\t\t\t\t\t<\/div>\n\t\t    <\/div>\n\t    \n\t\t    \t\t    \t\t    <div class=\"builder-contact-field builder-contact-field-extra builder-contact-text-field\">\n\t\t\t\t\n\t\t\t\t<label class=\"control-label\" for=\"field_extra_tb_8gum356_1\">\n\t\t\t\t\t\n\t\t\t\t\tE-POST:\t\t\t\t\t\t\t\t\t\t\t<input type=\"hidden\" name=\"field_extra_name_1\" value=\"E-POST:\">\n\t\t\t\t\t\t\t\t\t\t\t<span class=\"required\">*<\/span>\n\t\t\t\t\t\t\t\t\t<\/label>\n\t\t\t\t<div class=\"control-input tf_rel\">\n\t\t\t\t\t\t\t\t\t\t\t<input type=\"text\" name=\"field_extra_1\" id=\"field_extra_tb_8gum356_1\" placeholder=\"\" class=\"form-control\" required>\n\t\t\t\t\t\n\t\t\t\t\t\t\t\t\t<\/div>\n\t\t    <\/div>\n\t    \n\t\t    \t\t    <div class=\"builder-contact-field builder-contact-field-subject builder-contact-text-field\">\n\t\t\t    <label class=\"control-label\" for=\"tb_8gum356-contact-subject\">\n\t\t\t\t\t\t\t\t\t\t<span class=\"tb-label-span\">TITEL <\/span><span class=\"required\">*<\/span>\t\t\t\t<\/label>\n\t\t\t    <div class=\"control-input tf_rel\">\n\t\t\t\t    \t\t\t\t\t    <input type=\"text\" name=\"contact-subject\" placeholder=\"\" id=\"tb_8gum356-contact-subject\" value=\"\" class=\"form-control\" required>\n\t\t\t\t    \t\t\t\t    \t\t\t    <\/div>\n\t\t<\/div>\n\t    \n\t\t    \t\t    <div class=\"builder-contact-field builder-contact-field-message builder-contact-textarea-field\">\n\t\t\t    <label class=\"control-label\" for=\"tb_8gum356-contact-message\">\n\t\t\t\t\t\t\t\t\t\t<span class=\"tb-label-span\">MEDDELANDE <\/span>\t\t\t\t<\/label>\n\t\t\t    <div class=\"control-input tf_rel\">\n\t\t\t\t    \t\t\t\t\t    <textarea name=\"contact-message\" placeholder=\"\" id=\"tb_8gum356-contact-message\" class=\"form-control\"><\/textarea>\n\t\t\t\t    \t\t\t\t    \t\t\t    <\/div>\n\t\t<\/div>\n\t    \n\t\t    \t\t\n\t\t\t\t\t<div class=\"builder-contact-field builder-contact-field-gdpr\">\n\t\t\t\t<div class=\"control-label\">\n\t\t\t\t\t<div class=\"control-input tf_rel\">\n\t\t\t\t\t\t<label class=\"field-gdpr\">\n\t\t\t\t\t\t\t<input type=\"checkbox\" name=\"gdpr\" value=\"1\" required>\n\t\t\t\t\t\t\t<span>Jag godk\u00e4nner att mina angivna uppgifter hanteras av KOMUDESIGNS Kommanditbolag.<\/span>\n\t\t\t\t\t\t\t<span class=\"required\">*<\/span>\n\t\t\t\t\t\t<\/label>\n\t\t\t\t\t<\/div>\n\t\t\t\t<\/div>\n\t\t\t<\/div>\n\t\t\n\t    \t\t\t<div class=\"builder-contact-field builder-contact-field-captcha\">\n\n\t\t\t\t\n\t\t\t\t<div class=\"control-input tf_rel\">\n                    <div class=\"themify_captcha_field \" data-sitekey=\"6LeWd2ojAAAAANo4MPU69zqgWJE3kZXbb3ClCzPw\" data-ver=\"v3\"><\/div>\t\t\t\t<\/div>\n\n\t\t\t<\/div><!-- .builder-contact-field-captcha -->\n\t    \n\t    <div class=\"builder-contact-field builder-contact-field-send control-input tf_textr tf_clear tf_rel\">\n\t\t\t<button type=\"submit\" class=\"btn btn-primary\">\n\t\t\t\t<span class=\"tf_loader\"><\/span>\t\t\t\t<span class=\"tf_submit_icon\"><\/span> \n\t\t\t\tSKICKA\t\t\t<\/button>\n\t    <\/div>\n\t<\/div>\n    <\/form>\n    <\/div>\n<!-- \/module contact -->\n<!-- module text -->\n<div  class=\"module module-text tb_6z42531   \" data-lazy=\"1\">\n        <div  class=\"tb_text_wrap\">\n        <p>Jag svarar normalt inom 24 timmar &#8211; kolla din skr\u00e4ppost om du inte f\u00e5tt ett svar, ibland fastnar mailen d\u00e4r. Om formul\u00e4ret av n\u00e5gon anledning inte fungerar (Detta kan tekniskt sett h\u00e4nda n\u00e4r tekniken bakom min hemsida uppdateras, men det \u00e4r ovanligt!) s\u00e5 kan du maila mig direkt p\u00e5 info [at] komudesigns.com<\/p>    <\/div>\n<\/div>\n<!-- \/module text -->        <\/div>\n                        <\/div>\n        <\/div>\n        <\/div>\n<!--\/themify_builder_content-->","protected":false},"excerpt":{"rendered":"<p>Kontakta f\u00f6retaget Har du n\u00e5gra fr\u00e5gor eller \u00e4r du intresserad av att best\u00e4lla n\u00e5got? Kontakta mig d\u00e5 g\u00e4rna via Instagram, Facebook eller anv\u00e4nd kontaktformul\u00e4ret f\u00f6r att skicka mig ett mail.<\/p>","protected":false},"author":4,"featured_media":5097,"parent":0,"menu_order":0,"comment_status":"closed","ping_status":"closed","template":"","meta":{"footnotes":""},"class_list":["post-565","page","type-page","status-publish","has-post-thumbnail","hentry","has-post-title","has-post-date","has-post-category","has-post-tag","has-post-comment","has-post-author",""],"yoast_head":"<!-- This site is optimized with the Yoast SEO plugin v27.4 - https:\/\/yoast.com\/product\/yoast-seo-wordpress\/ -->\n<title>KONTAKT - KOMUDESIGNS<\/title>\n<meta name=\"description\" content=\"Har du n\u00e5gra fr\u00e5gor eller \u00e4r du intresserad av att best\u00e4lla n\u00e5got? Anv\u00e4nd kontaktformul\u00e4ret f\u00f6r att skicka mig ett mail.\" \/>\n<meta name=\"robots\" content=\"index, follow, max-snippet:-1, max-image-preview:large, max-video-preview:-1\" \/>\n<link rel=\"canonical\" href=\"https:\/\/komudesigns.com\/en\/kontakt\/\" \/>\n<meta property=\"og:locale\" content=\"en_GB\" \/>\n<meta property=\"og:type\" content=\"article\" \/>\n<meta property=\"og:title\" content=\"KONTAKT - KOMUDESIGNS\" \/>\n<meta property=\"og:description\" content=\"Har du n\u00e5gra fr\u00e5gor eller \u00e4r du intresserad av att best\u00e4lla n\u00e5got? Anv\u00e4nd kontaktformul\u00e4ret f\u00f6r att skicka mig ett mail.\" \/>\n<meta property=\"og:url\" content=\"https:\/\/komudesigns.com\/en\/kontakt\/\" \/>\n<meta property=\"og:site_name\" content=\"KOMUDESIGNS\" \/>\n<meta property=\"article:publisher\" content=\"https:\/\/www.facebook.com\/komudesigns\/\" \/>\n<meta property=\"article:modified_time\" content=\"2026-01-09T08:28:07+00:00\" \/>\n<meta property=\"og:image\" content=\"https:\/\/komudesigns.com\/wp-content\/uploads\/2022\/12\/komudesigns.jpg\" \/>\n\t<meta property=\"og:image:width\" content=\"300\" \/>\n\t<meta property=\"og:image:height\" content=\"300\" \/>\n\t<meta property=\"og:image:type\" content=\"image\/jpeg\" \/>\n<meta name=\"twitter:card\" content=\"summary_large_image\" \/>\n<meta name=\"twitter:label1\" content=\"Estimated reading time\" \/>\n\t<meta name=\"twitter:data1\" content=\"2 minutes\" \/>\n<script type=\"application\/ld+json\" class=\"yoast-schema-graph\">{\"@context\":\"https:\\\/\\\/schema.org\",\"@graph\":[{\"@type\":\"WebPage\",\"@id\":\"https:\\\/\\\/komudesigns.com\\\/kontakt\\\/\",\"url\":\"https:\\\/\\\/komudesigns.com\\\/kontakt\\\/\",\"name\":\"KONTAKT - KOMUDESIGNS\",\"isPartOf\":{\"@id\":\"https:\\\/\\\/komudesigns.com\\\/sv\\\/hem\\\/#website\"},\"primaryImageOfPage\":{\"@id\":\"https:\\\/\\\/komudesigns.com\\\/kontakt\\\/#primaryimage\"},\"image\":{\"@id\":\"https:\\\/\\\/komudesigns.com\\\/kontakt\\\/#primaryimage\"},\"thumbnailUrl\":\"https:\\\/\\\/komudesigns.com\\\/wp-content\\\/uploads\\\/2022\\\/12\\\/komudesigns.jpg\",\"datePublished\":\"2020-02-25T11:45:24+00:00\",\"dateModified\":\"2026-01-09T08:28:07+00:00\",\"description\":\"Har du n\u00e5gra fr\u00e5gor eller \u00e4r du intresserad av att best\u00e4lla n\u00e5got? Anv\u00e4nd kontaktformul\u00e4ret f\u00f6r att skicka mig ett mail.\",\"breadcrumb\":{\"@id\":\"https:\\\/\\\/komudesigns.com\\\/kontakt\\\/#breadcrumb\"},\"inLanguage\":\"en-GB\",\"potentialAction\":[{\"@type\":\"ReadAction\",\"target\":[\"https:\\\/\\\/komudesigns.com\\\/kontakt\\\/\"]}]},{\"@type\":\"ImageObject\",\"inLanguage\":\"en-GB\",\"@id\":\"https:\\\/\\\/komudesigns.com\\\/kontakt\\\/#primaryimage\",\"url\":\"https:\\\/\\\/komudesigns.com\\\/wp-content\\\/uploads\\\/2022\\\/12\\\/komudesigns.jpg\",\"contentUrl\":\"https:\\\/\\\/komudesigns.com\\\/wp-content\\\/uploads\\\/2022\\\/12\\\/komudesigns.jpg\",\"width\":300,\"height\":300,\"caption\":\"KOMUDESIGNS skr\u00e4ddarsydda kl\u00e4der \\\/ bespoke clothes\"},{\"@type\":\"BreadcrumbList\",\"@id\":\"https:\\\/\\\/komudesigns.com\\\/kontakt\\\/#breadcrumb\",\"itemListElement\":[{\"@type\":\"ListItem\",\"position\":1,\"name\":\"Home\",\"item\":\"https:\\\/\\\/komudesigns.com\\\/\"},{\"@type\":\"ListItem\",\"position\":2,\"name\":\"KONTAKT\"}]},{\"@type\":\"WebSite\",\"@id\":\"https:\\\/\\\/komudesigns.com\\\/sv\\\/hem\\\/#website\",\"url\":\"https:\\\/\\\/komudesigns.com\\\/sv\\\/hem\\\/\",\"name\":\"KOMUDESIGNS\",\"description\":\"\",\"publisher\":{\"@id\":\"https:\\\/\\\/komudesigns.com\\\/sv\\\/hem\\\/#organization\"},\"potentialAction\":[{\"@type\":\"SearchAction\",\"target\":{\"@type\":\"EntryPoint\",\"urlTemplate\":\"https:\\\/\\\/komudesigns.com\\\/sv\\\/hem\\\/?s={search_term_string}\"},\"query-input\":{\"@type\":\"PropertyValueSpecification\",\"valueRequired\":true,\"valueName\":\"search_term_string\"}}],\"inLanguage\":\"en-GB\"},{\"@type\":\"Organization\",\"@id\":\"https:\\\/\\\/komudesigns.com\\\/sv\\\/hem\\\/#organization\",\"name\":\"KOMUDESIGNS Kommanditbolag\",\"url\":\"https:\\\/\\\/komudesigns.com\\\/sv\\\/hem\\\/\",\"logo\":{\"@type\":\"ImageObject\",\"inLanguage\":\"en-GB\",\"@id\":\"https:\\\/\\\/komudesigns.com\\\/sv\\\/hem\\\/#\\\/schema\\\/logo\\\/image\\\/\",\"url\":\"https:\\\/\\\/komudesigns.com\\\/wp-content\\\/uploads\\\/2022\\\/12\\\/komudesigns.jpg\",\"contentUrl\":\"https:\\\/\\\/komudesigns.com\\\/wp-content\\\/uploads\\\/2022\\\/12\\\/komudesigns.jpg\",\"width\":300,\"height\":300,\"caption\":\"KOMUDESIGNS Kommanditbolag\"},\"image\":{\"@id\":\"https:\\\/\\\/komudesigns.com\\\/sv\\\/hem\\\/#\\\/schema\\\/logo\\\/image\\\/\"},\"sameAs\":[\"https:\\\/\\\/www.facebook.com\\\/komudesigns\\\/\",\"https:\\\/\\\/www.instagram.com\\\/komudesigns\\\/\"]}]}<\/script>\n<!-- \/ Yoast SEO plugin. -->","yoast_head_json":{"title":"KONTAKT - KOMUDESIGNS","description":"Har du n\u00e5gra fr\u00e5gor eller \u00e4r du intresserad av att best\u00e4lla n\u00e5got? Anv\u00e4nd kontaktformul\u00e4ret f\u00f6r att skicka mig ett mail.","robots":{"index":"index","follow":"follow","max-snippet":"max-snippet:-1","max-image-preview":"max-image-preview:large","max-video-preview":"max-video-preview:-1"},"canonical":"https:\/\/komudesigns.com\/en\/kontakt\/","og_locale":"en_GB","og_type":"article","og_title":"KONTAKT - KOMUDESIGNS","og_description":"Har du n\u00e5gra fr\u00e5gor eller \u00e4r du intresserad av att best\u00e4lla n\u00e5got? Anv\u00e4nd kontaktformul\u00e4ret f\u00f6r att skicka mig ett mail.","og_url":"https:\/\/komudesigns.com\/en\/kontakt\/","og_site_name":"KOMUDESIGNS","article_publisher":"https:\/\/www.facebook.com\/komudesigns\/","article_modified_time":"2026-01-09T08:28:07+00:00","og_image":[{"width":300,"height":300,"url":"https:\/\/komudesigns.com\/wp-content\/uploads\/2022\/12\/komudesigns.jpg","type":"image\/jpeg"}],"twitter_card":"summary_large_image","twitter_misc":{"Estimated reading time":"2 minutes"},"schema":{"@context":"https:\/\/schema.org","@graph":[{"@type":"WebPage","@id":"https:\/\/komudesigns.com\/kontakt\/","url":"https:\/\/komudesigns.com\/kontakt\/","name":"KONTAKT - KOMUDESIGNS","isPartOf":{"@id":"https:\/\/komudesigns.com\/sv\/hem\/#website"},"primaryImageOfPage":{"@id":"https:\/\/komudesigns.com\/kontakt\/#primaryimage"},"image":{"@id":"https:\/\/komudesigns.com\/kontakt\/#primaryimage"},"thumbnailUrl":"https:\/\/komudesigns.com\/wp-content\/uploads\/2022\/12\/komudesigns.jpg","datePublished":"2020-02-25T11:45:24+00:00","dateModified":"2026-01-09T08:28:07+00:00","description":"Har du n\u00e5gra fr\u00e5gor eller \u00e4r du intresserad av att best\u00e4lla n\u00e5got? Anv\u00e4nd kontaktformul\u00e4ret f\u00f6r att skicka mig ett mail.","breadcrumb":{"@id":"https:\/\/komudesigns.com\/kontakt\/#breadcrumb"},"inLanguage":"en-GB","potentialAction":[{"@type":"ReadAction","target":["https:\/\/komudesigns.com\/kontakt\/"]}]},{"@type":"ImageObject","inLanguage":"en-GB","@id":"https:\/\/komudesigns.com\/kontakt\/#primaryimage","url":"https:\/\/komudesigns.com\/wp-content\/uploads\/2022\/12\/komudesigns.jpg","contentUrl":"https:\/\/komudesigns.com\/wp-content\/uploads\/2022\/12\/komudesigns.jpg","width":300,"height":300,"caption":"KOMUDESIGNS skr\u00e4ddarsydda kl\u00e4der \/ bespoke clothes"},{"@type":"BreadcrumbList","@id":"https:\/\/komudesigns.com\/kontakt\/#breadcrumb","itemListElement":[{"@type":"ListItem","position":1,"name":"Home","item":"https:\/\/komudesigns.com\/"},{"@type":"ListItem","position":2,"name":"KONTAKT"}]},{"@type":"WebSite","@id":"https:\/\/komudesigns.com\/sv\/hem\/#website","url":"https:\/\/komudesigns.com\/sv\/hem\/","name":"COMFORT DESIGN","description":"","publisher":{"@id":"https:\/\/komudesigns.com\/sv\/hem\/#organization"},"potentialAction":[{"@type":"SearchAction","target":{"@type":"EntryPoint","urlTemplate":"https:\/\/komudesigns.com\/sv\/hem\/?s={search_term_string}"},"query-input":{"@type":"PropertyValueSpecification","valueRequired":true,"valueName":"search_term_string"}}],"inLanguage":"en-GB"},{"@type":"Organization","@id":"https:\/\/komudesigns.com\/sv\/hem\/#organization","name":"KOMUDESIGNS Kommanditbolag","url":"https:\/\/komudesigns.com\/sv\/hem\/","logo":{"@type":"ImageObject","inLanguage":"en-GB","@id":"https:\/\/komudesigns.com\/sv\/hem\/#\/schema\/logo\/image\/","url":"https:\/\/komudesigns.com\/wp-content\/uploads\/2022\/12\/komudesigns.jpg","contentUrl":"https:\/\/komudesigns.com\/wp-content\/uploads\/2022\/12\/komudesigns.jpg","width":300,"height":300,"caption":"KOMUDESIGNS Kommanditbolag"},"image":{"@id":"https:\/\/komudesigns.com\/sv\/hem\/#\/schema\/logo\/image\/"},"sameAs":["https:\/\/www.facebook.com\/komudesigns\/","https:\/\/www.instagram.com\/komudesigns\/"]}]}},"builder_content":"<h3 style=\"text-align: center;\">Kontakta f\u00f6retaget<\/h3> <h4 style=\"text-align: center;\">Har du n\u00e5gra fr\u00e5gor eller \u00e4r du intresserad av att best\u00e4lla n\u00e5got?<\/h4> <p style=\"text-align: center;\">Kontakta mig d\u00e5 g\u00e4rna via <a href=\"https:\/\/www.instagram.com\/komudesigns\/\">Instagram<\/a>, <a href=\"https:\/\/www.facebook.com\/komudesigns\/\" target=\"_blank\" rel=\"noopener\">Facebook<\/a> eller anv\u00e4nd kontaktformul\u00e4ret f\u00f6r att skicka mig ett mail.<\/p>\n<form id=\"tb_8gum356-form\" method=\"post\" data-post-id=\"0\" data-element-id=\"8gum356\" data-orig-id=\"565\" > <input type=\"hidden\" id=\"bc_nonce\" name=\"bc_nonce\" value=\"ea795014f8\" \/><input type=\"hidden\" name=\"_wp_http_referer\" value=\"\/en\/wp-json\/wp\/v2\/pages\/565\" \/> <label for=\"field_extra_tb_8gum356_0\"> NAMN: <input type=\"hidden\" name=\"field_extra_name_0\" value=\"NAMN:\"> * <\/label> <input type=\"text\" name=\"field_extra_0\" id=\"field_extra_tb_8gum356_0\" placeholder=\"\" required> <label for=\"field_extra_tb_8gum356_1\"> E-POST: <input type=\"hidden\" name=\"field_extra_name_1\" value=\"E-POST:\"> * <\/label> <input type=\"text\" name=\"field_extra_1\" id=\"field_extra_tb_8gum356_1\" placeholder=\"\" required> <label for=\"tb_8gum356-contact-subject\"> TITEL * <\/label> <input type=\"text\" name=\"contact-subject\" placeholder=\"\" id=\"tb_8gum356-contact-subject\" value=\"\" required> <label for=\"tb_8gum356-contact-message\"> MEDDELANDE <\/label> <textarea name=\"contact-message\" placeholder=\"\" id=\"tb_8gum356-contact-message\"><\/textarea> <label> <input type=\"checkbox\" name=\"gdpr\" value=\"1\" required> Jag godk\u00e4nner att mina angivna uppgifter hanteras av KOMUDESIGNS Kommanditbolag. * <\/label> \n \n <button type=\"submit\"> SKICKA <\/button> <\/form>\n<p>Jag svarar normalt inom 24 timmar - kolla din skr\u00e4ppost om du inte f\u00e5tt ett svar, ibland fastnar mailen d\u00e4r. Om formul\u00e4ret av n\u00e5gon anledning inte fungerar (Detta kan tekniskt sett h\u00e4nda n\u00e4r tekniken bakom min hemsida uppdateras, men det \u00e4r ovanligt!) s\u00e5 kan du maila mig direkt p\u00e5 info [at] komudesigns.com<\/p>","_links":{"self":[{"href":"https:\/\/komudesigns.com\/en\/wp-json\/wp\/v2\/pages\/565","targetHints":{"allow":["GET"]}}],"collection":[{"href":"https:\/\/komudesigns.com\/en\/wp-json\/wp\/v2\/pages"}],"about":[{"href":"https:\/\/komudesigns.com\/en\/wp-json\/wp\/v2\/types\/page"}],"author":[{"embeddable":true,"href":"https:\/\/komudesigns.com\/en\/wp-json\/wp\/v2\/users\/4"}],"replies":[{"embeddable":true,"href":"https:\/\/komudesigns.com\/en\/wp-json\/wp\/v2\/comments?post=565"}],"version-history":[{"count":44,"href":"https:\/\/komudesigns.com\/en\/wp-json\/wp\/v2\/pages\/565\/revisions"}],"predecessor-version":[{"id":8471,"href":"https:\/\/komudesigns.com\/en\/wp-json\/wp\/v2\/pages\/565\/revisions\/8471"}],"wp:featuredmedia":[{"embeddable":true,"href":"https:\/\/komudesigns.com\/en\/wp-json\/wp\/v2\/media\/5097"}],"wp:attachment":[{"href":"https:\/\/komudesigns.com\/en\/wp-json\/wp\/v2\/media?parent=565"}],"curies":[{"name":"wp","href":"https:\/\/api.w.org\/{rel}","templated":true}]}}