{"id":6893,"date":"2024-11-06T13:12:57","date_gmt":"2024-11-06T13:12:57","guid":{"rendered":"https:\/\/komudesigns.com\/?page_id=6893"},"modified":"2025-02-26T16:05:16","modified_gmt":"2025-02-26T15:05:16","slug":"404-2","status":"publish","type":"page","link":"https:\/\/komudesigns.com\/en\/404-2\/","title":{"rendered":"404"},"content":{"rendered":"<!--themify_builder_content-->\n<div id=\"themify_builder_content-6893\" data-postid=\"6893\" class=\"themify_builder_content themify_builder_content-6893 themify_builder tf_clear\">\n                    <div  data-lazy=\"1\" class=\"module_row themify_builder_row tb_ux4o197 tb_first tf_w\">\n                        <div class=\"row_inner col_align_top tb_col_count_1 tf_box tf_rel\">\n                        <div  data-lazy=\"1\" class=\"module_column tb-column col-full tb_toih197 first\">\n                    <!-- module image -->\n<div  class=\"module module-image tb_fxuq771 image-top   tf_mw\" data-lazy=\"1\">\n        <div class=\"image-wrap tf_rel tf_mw\">\n            <img loading=\"lazy\" decoding=\"async\" width=\"2560\" height=\"1707\" src=\"https:\/\/komudesigns.com\/wp-content\/uploads\/2024\/11\/404-scaled.jpg\" class=\"wp-post-image wp-image-6894\" title=\"404\" alt=\"404\" srcset=\"https:\/\/komudesigns.com\/wp-content\/uploads\/2024\/11\/404-scaled.jpg 2560w, https:\/\/komudesigns.com\/wp-content\/uploads\/2024\/11\/404-scaled-1200x800.jpg 1200w, https:\/\/komudesigns.com\/wp-content\/uploads\/2024\/11\/404-300x200.jpg 300w, https:\/\/komudesigns.com\/wp-content\/uploads\/2024\/11\/404-1024x683.jpg 1024w, https:\/\/komudesigns.com\/wp-content\/uploads\/2024\/11\/404-768x512.jpg 768w, https:\/\/komudesigns.com\/wp-content\/uploads\/2024\/11\/404-1536x1024.jpg 1536w, https:\/\/komudesigns.com\/wp-content\/uploads\/2024\/11\/404-2048x1365.jpg 2048w, https:\/\/komudesigns.com\/wp-content\/uploads\/2024\/11\/404-18x12.jpg 18w\" sizes=\"auto, (max-width: 2560px) 100vw, 2560px\" \/>    \n        <\/div>\n    <!-- \/image-wrap -->\n    \n        <\/div>\n<!-- \/module image --><!-- module text -->\n<div  class=\"module module-text tb_phnv906\" data-lazy=\"1\">\n        <div  class=\"tb_text_wrap\">\n        <h3 style=\"text-align: center;\">Oh my!<\/h3><h4 style=\"text-align: center;\">It's all empty here, take a look at the menu and find the right page<\/h4>    <\/div>\n<\/div>\n<!-- \/module text -->        <\/div>\n                        <\/div>\n        <\/div>\n        <\/div>\n<!--\/themify_builder_content-->","protected":false},"excerpt":{"rendered":"<p>Ajd\u00e5!H\u00e4r var det tomt, du f\u00e5r ta en titt i menyn och hitta r\u00e4tt igen!<\/p>","protected":false},"author":4,"featured_media":0,"parent":0,"menu_order":0,"comment_status":"closed","ping_status":"closed","template":"","meta":{"footnotes":""},"class_list":["post-6893","page","type-page","status-publish","hentry","has-post-title","has-post-date","has-post-category","has-post-tag","has-post-comment","has-post-author",""],"yoast_head":"<!-- This site is optimized with the Yoast SEO plugin v27.5 - https:\/\/yoast.com\/product\/yoast-seo-wordpress\/ -->\n<title>404 - KOMUDESIGNS<\/title>\n<meta name=\"robots\" content=\"index, follow, max-snippet:-1, max-image-preview:large, max-video-preview:-1\" \/>\n<link rel=\"canonical\" href=\"https:\/\/komudesigns.com\/en\/404-2\/\" \/>\n<meta property=\"og:locale\" content=\"en_GB\" \/>\n<meta property=\"og:type\" content=\"article\" \/>\n<meta property=\"og:title\" content=\"404 - KOMUDESIGNS\" \/>\n<meta property=\"og:description\" content=\"Ajd\u00e5!H\u00e4r var det tomt, du f\u00e5r ta en titt i menyn och hitta r\u00e4tt igen!\" \/>\n<meta property=\"og:url\" content=\"https:\/\/komudesigns.com\/en\/404-2\/\" \/>\n<meta property=\"og:site_name\" content=\"KOMUDESIGNS\" \/>\n<meta property=\"article:publisher\" content=\"https:\/\/www.facebook.com\/komudesigns\/\" \/>\n<meta property=\"article:modified_time\" content=\"2025-02-26T15:05:16+00:00\" \/>\n<meta property=\"og:image\" content=\"https:\/\/komudesigns.com\/wp-content\/uploads\/2024\/11\/404-scaled.jpg\" \/>\n\t<meta property=\"og:image:width\" content=\"2560\" \/>\n\t<meta property=\"og:image:height\" content=\"1707\" \/>\n\t<meta property=\"og:image:type\" content=\"image\/jpeg\" \/>\n<meta name=\"twitter:card\" content=\"summary_large_image\" \/>\n<meta name=\"twitter:label1\" content=\"Estimated reading time\" \/>\n\t<meta name=\"twitter:data1\" content=\"1 minute\" \/>\n<script type=\"application\/ld+json\" class=\"yoast-schema-graph\">{\"@context\":\"https:\\\/\\\/schema.org\",\"@graph\":[{\"@type\":\"WebPage\",\"@id\":\"https:\\\/\\\/komudesigns.com\\\/404-2\\\/\",\"url\":\"https:\\\/\\\/komudesigns.com\\\/404-2\\\/\",\"name\":\"404 - KOMUDESIGNS\",\"isPartOf\":{\"@id\":\"https:\\\/\\\/komudesigns.com\\\/sv\\\/hem\\\/#website\"},\"primaryImageOfPage\":{\"@id\":\"https:\\\/\\\/komudesigns.com\\\/404-2\\\/#primaryimage\"},\"image\":{\"@id\":\"https:\\\/\\\/komudesigns.com\\\/404-2\\\/#primaryimage\"},\"thumbnailUrl\":\"https:\\\/\\\/komudesigns.com\\\/wp-content\\\/uploads\\\/2024\\\/11\\\/404-scaled.jpg\",\"datePublished\":\"2024-11-06T13:12:57+00:00\",\"dateModified\":\"2025-02-26T15:05:16+00:00\",\"breadcrumb\":{\"@id\":\"https:\\\/\\\/komudesigns.com\\\/404-2\\\/#breadcrumb\"},\"inLanguage\":\"en-GB\",\"potentialAction\":[{\"@type\":\"ReadAction\",\"target\":[\"https:\\\/\\\/komudesigns.com\\\/404-2\\\/\"]}]},{\"@type\":\"ImageObject\",\"inLanguage\":\"en-GB\",\"@id\":\"https:\\\/\\\/komudesigns.com\\\/404-2\\\/#primaryimage\",\"url\":\"https:\\\/\\\/komudesigns.com\\\/wp-content\\\/uploads\\\/2024\\\/11\\\/404-scaled.jpg\",\"contentUrl\":\"https:\\\/\\\/komudesigns.com\\\/wp-content\\\/uploads\\\/2024\\\/11\\\/404-scaled.jpg\"},{\"@type\":\"BreadcrumbList\",\"@id\":\"https:\\\/\\\/komudesigns.com\\\/404-2\\\/#breadcrumb\",\"itemListElement\":[{\"@type\":\"ListItem\",\"position\":1,\"name\":\"Home\",\"item\":\"https:\\\/\\\/komudesigns.com\\\/\"},{\"@type\":\"ListItem\",\"position\":2,\"name\":\"404\"}]},{\"@type\":\"WebSite\",\"@id\":\"https:\\\/\\\/komudesigns.com\\\/sv\\\/hem\\\/#website\",\"url\":\"https:\\\/\\\/komudesigns.com\\\/sv\\\/hem\\\/\",\"name\":\"KOMUDESIGNS\",\"description\":\"\",\"publisher\":{\"@id\":\"https:\\\/\\\/komudesigns.com\\\/sv\\\/hem\\\/#organization\"},\"potentialAction\":[{\"@type\":\"SearchAction\",\"target\":{\"@type\":\"EntryPoint\",\"urlTemplate\":\"https:\\\/\\\/komudesigns.com\\\/sv\\\/hem\\\/?s={search_term_string}\"},\"query-input\":{\"@type\":\"PropertyValueSpecification\",\"valueRequired\":true,\"valueName\":\"search_term_string\"}}],\"inLanguage\":\"en-GB\"},{\"@type\":\"Organization\",\"@id\":\"https:\\\/\\\/komudesigns.com\\\/sv\\\/hem\\\/#organization\",\"name\":\"KOMUDESIGNS Kommanditbolag\",\"url\":\"https:\\\/\\\/komudesigns.com\\\/sv\\\/hem\\\/\",\"logo\":{\"@type\":\"ImageObject\",\"inLanguage\":\"en-GB\",\"@id\":\"https:\\\/\\\/komudesigns.com\\\/sv\\\/hem\\\/#\\\/schema\\\/logo\\\/image\\\/\",\"url\":\"https:\\\/\\\/komudesigns.com\\\/wp-content\\\/uploads\\\/2022\\\/12\\\/komudesigns.jpg\",\"contentUrl\":\"https:\\\/\\\/komudesigns.com\\\/wp-content\\\/uploads\\\/2022\\\/12\\\/komudesigns.jpg\",\"width\":300,\"height\":300,\"caption\":\"KOMUDESIGNS Kommanditbolag\"},\"image\":{\"@id\":\"https:\\\/\\\/komudesigns.com\\\/sv\\\/hem\\\/#\\\/schema\\\/logo\\\/image\\\/\"},\"sameAs\":[\"https:\\\/\\\/www.facebook.com\\\/komudesigns\\\/\",\"https:\\\/\\\/www.instagram.com\\\/komudesigns\\\/\"]}]}<\/script>\n<!-- \/ Yoast SEO plugin. -->","yoast_head_json":{"title":"404 - KOMUDESIGNS","robots":{"index":"index","follow":"follow","max-snippet":"max-snippet:-1","max-image-preview":"max-image-preview:large","max-video-preview":"max-video-preview:-1"},"canonical":"https:\/\/komudesigns.com\/en\/404-2\/","og_locale":"en_GB","og_type":"article","og_title":"404 - KOMUDESIGNS","og_description":"Ajd\u00e5!H\u00e4r var det tomt, du f\u00e5r ta en titt i menyn och hitta r\u00e4tt igen!","og_url":"https:\/\/komudesigns.com\/en\/404-2\/","og_site_name":"KOMUDESIGNS","article_publisher":"https:\/\/www.facebook.com\/komudesigns\/","article_modified_time":"2025-02-26T15:05:16+00:00","og_image":[{"width":2560,"height":1707,"url":"https:\/\/komudesigns.com\/wp-content\/uploads\/2024\/11\/404-scaled.jpg","type":"image\/jpeg"}],"twitter_card":"summary_large_image","twitter_misc":{"Estimated reading time":"1 minute"},"schema":{"@context":"https:\/\/schema.org","@graph":[{"@type":"WebPage","@id":"https:\/\/komudesigns.com\/404-2\/","url":"https:\/\/komudesigns.com\/404-2\/","name":"404 - KOMUDESIGNS","isPartOf":{"@id":"https:\/\/komudesigns.com\/sv\/hem\/#website"},"primaryImageOfPage":{"@id":"https:\/\/komudesigns.com\/404-2\/#primaryimage"},"image":{"@id":"https:\/\/komudesigns.com\/404-2\/#primaryimage"},"thumbnailUrl":"https:\/\/komudesigns.com\/wp-content\/uploads\/2024\/11\/404-scaled.jpg","datePublished":"2024-11-06T13:12:57+00:00","dateModified":"2025-02-26T15:05:16+00:00","breadcrumb":{"@id":"https:\/\/komudesigns.com\/404-2\/#breadcrumb"},"inLanguage":"en-GB","potentialAction":[{"@type":"ReadAction","target":["https:\/\/komudesigns.com\/404-2\/"]}]},{"@type":"ImageObject","inLanguage":"en-GB","@id":"https:\/\/komudesigns.com\/404-2\/#primaryimage","url":"https:\/\/komudesigns.com\/wp-content\/uploads\/2024\/11\/404-scaled.jpg","contentUrl":"https:\/\/komudesigns.com\/wp-content\/uploads\/2024\/11\/404-scaled.jpg"},{"@type":"BreadcrumbList","@id":"https:\/\/komudesigns.com\/404-2\/#breadcrumb","itemListElement":[{"@type":"ListItem","position":1,"name":"Home","item":"https:\/\/komudesigns.com\/"},{"@type":"ListItem","position":2,"name":"404"}]},{"@type":"WebSite","@id":"https:\/\/komudesigns.com\/sv\/hem\/#website","url":"https:\/\/komudesigns.com\/sv\/hem\/","name":"COMFORT DESIGN","description":"","publisher":{"@id":"https:\/\/komudesigns.com\/sv\/hem\/#organization"},"potentialAction":[{"@type":"SearchAction","target":{"@type":"EntryPoint","urlTemplate":"https:\/\/komudesigns.com\/sv\/hem\/?s={search_term_string}"},"query-input":{"@type":"PropertyValueSpecification","valueRequired":true,"valueName":"search_term_string"}}],"inLanguage":"en-GB"},{"@type":"Organization","@id":"https:\/\/komudesigns.com\/sv\/hem\/#organization","name":"KOMUDESIGNS Kommanditbolag","url":"https:\/\/komudesigns.com\/sv\/hem\/","logo":{"@type":"ImageObject","inLanguage":"en-GB","@id":"https:\/\/komudesigns.com\/sv\/hem\/#\/schema\/logo\/image\/","url":"https:\/\/komudesigns.com\/wp-content\/uploads\/2022\/12\/komudesigns.jpg","contentUrl":"https:\/\/komudesigns.com\/wp-content\/uploads\/2022\/12\/komudesigns.jpg","width":300,"height":300,"caption":"KOMUDESIGNS Kommanditbolag"},"image":{"@id":"https:\/\/komudesigns.com\/sv\/hem\/#\/schema\/logo\/image\/"},"sameAs":["https:\/\/www.facebook.com\/komudesigns\/","https:\/\/www.instagram.com\/komudesigns\/"]}]}},"builder_content":"<img src=\"https:\/\/komudesigns.com\/wp-content\/uploads\/2024\/11\/404-scaled.jpg\" title=\"404\" alt=\"404\" srcset=\"https:\/\/komudesigns.com\/wp-content\/uploads\/2024\/11\/404-scaled.jpg 2560w, https:\/\/komudesigns.com\/wp-content\/uploads\/2024\/11\/404-scaled-1200x800.jpg 1200w, https:\/\/komudesigns.com\/wp-content\/uploads\/2024\/11\/404-300x200.jpg 300w, https:\/\/komudesigns.com\/wp-content\/uploads\/2024\/11\/404-1024x683.jpg 1024w, https:\/\/komudesigns.com\/wp-content\/uploads\/2024\/11\/404-768x512.jpg 768w, https:\/\/komudesigns.com\/wp-content\/uploads\/2024\/11\/404-1536x1024.jpg 1536w, https:\/\/komudesigns.com\/wp-content\/uploads\/2024\/11\/404-2048x1365.jpg 2048w, https:\/\/komudesigns.com\/wp-content\/uploads\/2024\/11\/404-18x12.jpg 18w\" sizes=\"(max-width: 2560px) 100vw, 2560px\" \/>\n<h3 style=\"text-align: center;\">Ajd\u00e5!<\/h3><h4 style=\"text-align: center;\">H\u00e4r var det tomt, du f\u00e5r ta en titt i menyn och hitta r\u00e4tt igen!<\/h4>","_links":{"self":[{"href":"https:\/\/komudesigns.com\/en\/wp-json\/wp\/v2\/pages\/6893","targetHints":{"allow":["GET"]}}],"collection":[{"href":"https:\/\/komudesigns.com\/en\/wp-json\/wp\/v2\/pages"}],"about":[{"href":"https:\/\/komudesigns.com\/en\/wp-json\/wp\/v2\/types\/page"}],"author":[{"embeddable":true,"href":"https:\/\/komudesigns.com\/en\/wp-json\/wp\/v2\/users\/4"}],"replies":[{"embeddable":true,"href":"https:\/\/komudesigns.com\/en\/wp-json\/wp\/v2\/comments?post=6893"}],"version-history":[{"count":8,"href":"https:\/\/komudesigns.com\/en\/wp-json\/wp\/v2\/pages\/6893\/revisions"}],"predecessor-version":[{"id":7458,"href":"https:\/\/komudesigns.com\/en\/wp-json\/wp\/v2\/pages\/6893\/revisions\/7458"}],"wp:attachment":[{"href":"https:\/\/komudesigns.com\/en\/wp-json\/wp\/v2\/media?parent=6893"}],"curies":[{"name":"wp","href":"https:\/\/api.w.org\/{rel}","templated":true}]}}