{"id":7024,"date":"2025-02-13T08:22:38","date_gmt":"2025-02-13T08:22:38","guid":{"rendered":"https:\/\/komudesigns.com\/?page_id=7024"},"modified":"2026-04-11T12:09:28","modified_gmt":"2026-04-11T11:09:28","slug":"gpsr","status":"publish","type":"page","link":"https:\/\/komudesigns.com\/en\/gpsr\/","title":{"rendered":"GPSR"},"content":{"rendered":"<!--themify_builder_content-->\n<div id=\"themify_builder_content-7024\" data-postid=\"7024\" class=\"themify_builder_content themify_builder_content-7024 themify_builder tf_clear\">\n                    <div  data-lazy=\"1\" class=\"module_row themify_builder_row tb_5vpt816 tb_first tf_w\">\n                        <div class=\"row_inner col_align_top tb_col_count_1 tf_box tf_rel\">\n                        <div  data-lazy=\"1\" class=\"module_column tb-column col-full tb_oi0q816 first\">\n                    <!-- module text -->\n<div  class=\"module module-text tb_k17a710   \" data-lazy=\"1\">\n        <div  class=\"tb_text_wrap\">\n        <p><span style=\"font-family: Arial, Helvetica, sans-serif; font-size: 14px; letter-spacing: 0.6px;\">Denna sida inneh\u00e5ller information och kontaktuppgifter f\u00f6r att g\u00f6ra det l\u00e4ttare f\u00f6r dig som kund att sp\u00e5ra din produkt och s\u00e5 att du kan k\u00e4nna dig trygg med ditt k\u00f6p.\u00a0<\/span><\/p>\n<p><strong>F\u00f6r fr\u00e5gor ang\u00e5ende GPSR kan du kontakta mig direkt:<\/strong><\/p>\n<p>KOMUDESIGNS Kommanditbolag<br><span class=\"cmplz-contact-address\">Gullsj\u00f6v\u00e4gen 3E<br>811 71 J\u00e4rbo<\/span><br>Sverige<\/p>\n<p>+46 (0)762955016<br>info [at] komudesigns.com<\/p>\n<h2>TYGER &amp; HALSKL\u00c4DEN:<\/h2>\n<p>Tyger och halskl\u00e4den fr\u00e5n KOMUDESIGNS \u00e4r digitaltryckta produkter i 100% bomull. Fr\u00e5n och med februari 2025 trycks och levereras alla tyger och halskl\u00e4den som s\u00e4ljs av KOMUDESIGS av CottonBee i P\u0142ock, Polen.<\/p>\n<p>Samtliga tyger och halskl\u00e4den \u00e4r <a href=\"https:\/\/ctnbee.com\/en\/oeko-tex-certificate\">OEKO-TEX\u00ae Standard 100<\/a> certifierade och trycks p\u00e5 deras tyg <a href=\"https:\/\/ctnbee.com\/en\/fabrics\/digital-print-cretonne-fabric\">Cretonne 121<\/a>. Inga kemikalier eller andra fixeringsmedel anv\u00e4nds under tryckprocessen.<\/p>\n<p>D\u00e5 det inte g\u00e5r att m\u00e4rka produkterna med produktnamn, leverant\u00f6rsuppgifter och \u00f6vrig information som kr\u00e4vs enligt GPSR samt eftersom produkterna skickas direkt hem till dig fr\u00e5n tryckeriet s\u00e5 hittar du en PDF i produktspecifikationen i din orderbekr\u00e4ftelse som inneh\u00e5ller allt du beh\u00f6ver veta.<\/p>\n<h4><strong>Leverant\u00f6rsuppgifter:<\/strong><\/h4>\n<p>F\u00f6r att kontakta tryckeriet direkt s\u00e5 g\u00e4ller f\u00f6ljande uppgifter:<\/p>\n<p><b>Prosker Sp. z o.o.<br><\/b>CottonBee<br>ul. Kostrogaj 9D<br>09-400 P\u0142ock<\/p>\n<div><a class=\"contact__text-icon link margin-top\" href=\"mailto: help@ctnbee.com\">help@ctnbee.com<\/a><\/div>\n<div><a class=\"contact__text-icon link\" href=\"tel: + 48 516 278 821\"><i class=\"zmdi zmdi-phone\"><\/i>+ 48 516 278 821<\/a><\/div>\n<div>\n<p class=\"contact__text-icon\">eller via deras <a href=\"https:\/\/ctnbee.com\/en\/contact\">kontaktformul\u00e4r.<\/a><\/p>\n<h4><strong>S\u00e4kerhetsvarningar:<\/strong><\/h4>\n<p><strong>Barns\u00e4kerhetsmeddelande:<br><\/strong> Produkterna \u00e4r inte avsedda f\u00f6r anv\u00e4ndning av barn.<\/p>\n<p><strong>Kv\u00e4vningsrisk:<\/strong> <br>Tyg kan inneb\u00e4ra en stryp- och kv\u00e4vningsrisk.<\/p>\n<p><strong>Brandfarlighet:<\/strong> <br>Bomull \u00e4r ett material som kan fatta eld &#8211; anv\u00e4nd inte i n\u00e4rhet av eld eller v\u00e4rmek\u00e4lla.<\/p>\n<p><strong>Allergi och hudk\u00e4nslighet:<\/strong> <br>Produkterna \u00e4r OEKO-TEX certifierade men b\u00f6r alltid f\u00f6rtv\u00e4ttas f\u00f6r att f\u00f6rhindra eventuell hudirritation. Produkterna skall endast handtv\u00e4ttas i svalt vatten f\u00f6r att undvika krympning och f\u00e4rgbortfall.<\/p>\n<p>Endast f\u00f6r personligt bruk.<\/p>\n<\/div>\n<h2>DIGITALA PRODUKTER:<\/h2>\n<p>De sym\u00f6nster och guider som s\u00e4ljs av KOMUDESIGNS \u00e4r tillverkade av mig personligen. F\u00f6r kontakt se h\u00f6gst upp p\u00e5 denna sida.\u00a0<\/p>\n<p>Dessa \u00e4r digitalt nedladdningsbara (PDF) sym\u00f6nster och guider.<\/p>\n<p><strong>Sym\u00f6nster<\/strong> inneh\u00e5ller m\u00f6nster samt steg-f\u00f6r-steg instruktioner f\u00f6r utskrift, tillklippning och konstruktion av en produkt, designat f\u00f6r anv\u00e4ndare p\u00e5 hemmaniv\u00e5.<\/p>\n<p><strong>Guiden<\/strong> inneh\u00e5ller ENDAST information om \u00e4ndring av befintliga sym\u00f6nster som inte medf\u00f6ljer. Anv\u00e4ndare f\u00f6rv\u00e4ntas redan \u00e4ga sym\u00f6nstret i fr\u00e5ga.<\/p>\n<p>Produkterna \u00e4r oavsett utformning en eller flera digitala PDF-filer.<\/p>\n<h4><strong>Avsedd anv\u00e4ndning<\/strong><\/h4>\n<p>M\u00f6nster och guider \u00e4r l\u00e4mpliga f\u00f6r personer med viss s\u00f6mnadserfarenhet och \u00e4r endast avsedda f\u00f6r personliga projekt. De f\u00e4rdiga produkterna som skapats fr\u00e5n sym\u00f6nster fr\u00e5n KOMUDESIGNS \u00e4r endast f\u00f6r personligt bruk och f\u00e5r inte s\u00e4ljas i kommersiellt syfte.<\/p>\n<h4><strong>S\u00e4kerhetsvarningar:<\/strong><\/h4>\n<p>Produkterna i sig faller inte direkt under fysiska produkts\u00e4kerhetskrav.\u00a0<\/p>\n<p><strong>S\u00e4kerhet:<\/strong> <br>Det digitala m\u00f6nstret utg\u00f6r inte direkta risker f\u00f6r konsumenterna. Anv\u00e4ndaren tar ansvar f\u00f6r de material och processer som anv\u00e4nds f\u00f6r att skapa den f\u00e4rdiga produkten.<\/p>\n<p><strong>Digital s\u00e4kerhet:<\/strong> <br>De digitala filerna har testats och \u00e4r fria fr\u00e5n k\u00e4nd skadlig programvara vid publicering.<\/p>    <\/div>\n<\/div>\n<!-- \/module text -->        <\/div>\n                        <\/div>\n        <\/div>\n        <\/div>\n<!--\/themify_builder_content-->\n\n\n<p><\/p>","protected":false},"excerpt":{"rendered":"","protected":false},"author":4,"featured_media":5097,"parent":0,"menu_order":0,"comment_status":"closed","ping_status":"closed","template":"","meta":{"footnotes":""},"class_list":["post-7024","page","type-page","status-publish","has-post-thumbnail","hentry","has-post-title","has-post-date","has-post-category","has-post-tag","has-post-comment","has-post-author",""],"yoast_head":"<!-- This site is optimized with the Yoast SEO plugin v27.4 - https:\/\/yoast.com\/product\/yoast-seo-wordpress\/ -->\n<title>GPSR - KOMUDESIGNS<\/title>\n<meta name=\"robots\" content=\"index, follow, max-snippet:-1, max-image-preview:large, max-video-preview:-1\" \/>\n<link rel=\"canonical\" href=\"https:\/\/komudesigns.com\/en\/gpsr\/\" \/>\n<meta property=\"og:locale\" content=\"en_GB\" \/>\n<meta property=\"og:type\" content=\"article\" \/>\n<meta property=\"og:title\" content=\"GPSR - KOMUDESIGNS\" \/>\n<meta property=\"og:url\" content=\"https:\/\/komudesigns.com\/en\/gpsr\/\" \/>\n<meta property=\"og:site_name\" content=\"KOMUDESIGNS\" \/>\n<meta property=\"article:publisher\" content=\"https:\/\/www.facebook.com\/komudesigns\/\" \/>\n<meta property=\"article:modified_time\" content=\"2026-04-11T11:09:28+00:00\" \/>\n<meta property=\"og:image\" content=\"https:\/\/komudesigns.com\/wp-content\/uploads\/2022\/12\/komudesigns.jpg\" \/>\n\t<meta property=\"og:image:width\" content=\"300\" \/>\n\t<meta property=\"og:image:height\" content=\"300\" \/>\n\t<meta property=\"og:image:type\" content=\"image\/jpeg\" \/>\n<meta name=\"twitter:card\" content=\"summary_large_image\" \/>\n<meta name=\"twitter:label1\" content=\"Estimated reading time\" \/>\n\t<meta name=\"twitter:data1\" content=\"5 minutes\" \/>\n<script type=\"application\/ld+json\" class=\"yoast-schema-graph\">{\"@context\":\"https:\\\/\\\/schema.org\",\"@graph\":[{\"@type\":\"WebPage\",\"@id\":\"https:\\\/\\\/komudesigns.com\\\/gpsr\\\/\",\"url\":\"https:\\\/\\\/komudesigns.com\\\/gpsr\\\/\",\"name\":\"GPSR - KOMUDESIGNS\",\"isPartOf\":{\"@id\":\"https:\\\/\\\/komudesigns.com\\\/sv\\\/hem\\\/#website\"},\"primaryImageOfPage\":{\"@id\":\"https:\\\/\\\/komudesigns.com\\\/gpsr\\\/#primaryimage\"},\"image\":{\"@id\":\"https:\\\/\\\/komudesigns.com\\\/gpsr\\\/#primaryimage\"},\"thumbnailUrl\":\"https:\\\/\\\/komudesigns.com\\\/wp-content\\\/uploads\\\/2022\\\/12\\\/komudesigns.jpg\",\"datePublished\":\"2025-02-13T08:22:38+00:00\",\"dateModified\":\"2026-04-11T11:09:28+00:00\",\"breadcrumb\":{\"@id\":\"https:\\\/\\\/komudesigns.com\\\/gpsr\\\/#breadcrumb\"},\"inLanguage\":\"en-GB\",\"potentialAction\":[{\"@type\":\"ReadAction\",\"target\":[\"https:\\\/\\\/komudesigns.com\\\/gpsr\\\/\"]}]},{\"@type\":\"ImageObject\",\"inLanguage\":\"en-GB\",\"@id\":\"https:\\\/\\\/komudesigns.com\\\/gpsr\\\/#primaryimage\",\"url\":\"https:\\\/\\\/komudesigns.com\\\/wp-content\\\/uploads\\\/2022\\\/12\\\/komudesigns.jpg\",\"contentUrl\":\"https:\\\/\\\/komudesigns.com\\\/wp-content\\\/uploads\\\/2022\\\/12\\\/komudesigns.jpg\",\"width\":300,\"height\":300,\"caption\":\"KOMUDESIGNS skr\u00e4ddarsydda kl\u00e4der \\\/ bespoke clothes\"},{\"@type\":\"BreadcrumbList\",\"@id\":\"https:\\\/\\\/komudesigns.com\\\/gpsr\\\/#breadcrumb\",\"itemListElement\":[{\"@type\":\"ListItem\",\"position\":1,\"name\":\"Home\",\"item\":\"https:\\\/\\\/komudesigns.com\\\/\"},{\"@type\":\"ListItem\",\"position\":2,\"name\":\"GPSR\"}]},{\"@type\":\"WebSite\",\"@id\":\"https:\\\/\\\/komudesigns.com\\\/sv\\\/hem\\\/#website\",\"url\":\"https:\\\/\\\/komudesigns.com\\\/sv\\\/hem\\\/\",\"name\":\"KOMUDESIGNS\",\"description\":\"\",\"publisher\":{\"@id\":\"https:\\\/\\\/komudesigns.com\\\/sv\\\/hem\\\/#organization\"},\"potentialAction\":[{\"@type\":\"SearchAction\",\"target\":{\"@type\":\"EntryPoint\",\"urlTemplate\":\"https:\\\/\\\/komudesigns.com\\\/sv\\\/hem\\\/?s={search_term_string}\"},\"query-input\":{\"@type\":\"PropertyValueSpecification\",\"valueRequired\":true,\"valueName\":\"search_term_string\"}}],\"inLanguage\":\"en-GB\"},{\"@type\":\"Organization\",\"@id\":\"https:\\\/\\\/komudesigns.com\\\/sv\\\/hem\\\/#organization\",\"name\":\"KOMUDESIGNS Kommanditbolag\",\"url\":\"https:\\\/\\\/komudesigns.com\\\/sv\\\/hem\\\/\",\"logo\":{\"@type\":\"ImageObject\",\"inLanguage\":\"en-GB\",\"@id\":\"https:\\\/\\\/komudesigns.com\\\/sv\\\/hem\\\/#\\\/schema\\\/logo\\\/image\\\/\",\"url\":\"https:\\\/\\\/komudesigns.com\\\/wp-content\\\/uploads\\\/2022\\\/12\\\/komudesigns.jpg\",\"contentUrl\":\"https:\\\/\\\/komudesigns.com\\\/wp-content\\\/uploads\\\/2022\\\/12\\\/komudesigns.jpg\",\"width\":300,\"height\":300,\"caption\":\"KOMUDESIGNS Kommanditbolag\"},\"image\":{\"@id\":\"https:\\\/\\\/komudesigns.com\\\/sv\\\/hem\\\/#\\\/schema\\\/logo\\\/image\\\/\"},\"sameAs\":[\"https:\\\/\\\/www.facebook.com\\\/komudesigns\\\/\",\"https:\\\/\\\/www.instagram.com\\\/komudesigns\\\/\"]}]}<\/script>\n<!-- \/ Yoast SEO plugin. -->","yoast_head_json":{"title":"GPSR - KOMUDESIGNS","robots":{"index":"index","follow":"follow","max-snippet":"max-snippet:-1","max-image-preview":"max-image-preview:large","max-video-preview":"max-video-preview:-1"},"canonical":"https:\/\/komudesigns.com\/en\/gpsr\/","og_locale":"en_GB","og_type":"article","og_title":"GPSR - KOMUDESIGNS","og_url":"https:\/\/komudesigns.com\/en\/gpsr\/","og_site_name":"KOMUDESIGNS","article_publisher":"https:\/\/www.facebook.com\/komudesigns\/","article_modified_time":"2026-04-11T11:09:28+00:00","og_image":[{"width":300,"height":300,"url":"https:\/\/komudesigns.com\/wp-content\/uploads\/2022\/12\/komudesigns.jpg","type":"image\/jpeg"}],"twitter_card":"summary_large_image","twitter_misc":{"Estimated reading time":"5 minutes"},"schema":{"@context":"https:\/\/schema.org","@graph":[{"@type":"WebPage","@id":"https:\/\/komudesigns.com\/gpsr\/","url":"https:\/\/komudesigns.com\/gpsr\/","name":"GPSR - KOMUDESIGNS","isPartOf":{"@id":"https:\/\/komudesigns.com\/sv\/hem\/#website"},"primaryImageOfPage":{"@id":"https:\/\/komudesigns.com\/gpsr\/#primaryimage"},"image":{"@id":"https:\/\/komudesigns.com\/gpsr\/#primaryimage"},"thumbnailUrl":"https:\/\/komudesigns.com\/wp-content\/uploads\/2022\/12\/komudesigns.jpg","datePublished":"2025-02-13T08:22:38+00:00","dateModified":"2026-04-11T11:09:28+00:00","breadcrumb":{"@id":"https:\/\/komudesigns.com\/gpsr\/#breadcrumb"},"inLanguage":"en-GB","potentialAction":[{"@type":"ReadAction","target":["https:\/\/komudesigns.com\/gpsr\/"]}]},{"@type":"ImageObject","inLanguage":"en-GB","@id":"https:\/\/komudesigns.com\/gpsr\/#primaryimage","url":"https:\/\/komudesigns.com\/wp-content\/uploads\/2022\/12\/komudesigns.jpg","contentUrl":"https:\/\/komudesigns.com\/wp-content\/uploads\/2022\/12\/komudesigns.jpg","width":300,"height":300,"caption":"KOMUDESIGNS skr\u00e4ddarsydda kl\u00e4der \/ bespoke clothes"},{"@type":"BreadcrumbList","@id":"https:\/\/komudesigns.com\/gpsr\/#breadcrumb","itemListElement":[{"@type":"ListItem","position":1,"name":"Home","item":"https:\/\/komudesigns.com\/"},{"@type":"ListItem","position":2,"name":"GPSR"}]},{"@type":"WebSite","@id":"https:\/\/komudesigns.com\/sv\/hem\/#website","url":"https:\/\/komudesigns.com\/sv\/hem\/","name":"COMFORT DESIGN","description":"","publisher":{"@id":"https:\/\/komudesigns.com\/sv\/hem\/#organization"},"potentialAction":[{"@type":"SearchAction","target":{"@type":"EntryPoint","urlTemplate":"https:\/\/komudesigns.com\/sv\/hem\/?s={search_term_string}"},"query-input":{"@type":"PropertyValueSpecification","valueRequired":true,"valueName":"search_term_string"}}],"inLanguage":"en-GB"},{"@type":"Organization","@id":"https:\/\/komudesigns.com\/sv\/hem\/#organization","name":"KOMUDESIGNS Kommanditbolag","url":"https:\/\/komudesigns.com\/sv\/hem\/","logo":{"@type":"ImageObject","inLanguage":"en-GB","@id":"https:\/\/komudesigns.com\/sv\/hem\/#\/schema\/logo\/image\/","url":"https:\/\/komudesigns.com\/wp-content\/uploads\/2022\/12\/komudesigns.jpg","contentUrl":"https:\/\/komudesigns.com\/wp-content\/uploads\/2022\/12\/komudesigns.jpg","width":300,"height":300,"caption":"KOMUDESIGNS Kommanditbolag"},"image":{"@id":"https:\/\/komudesigns.com\/sv\/hem\/#\/schema\/logo\/image\/"},"sameAs":["https:\/\/www.facebook.com\/komudesigns\/","https:\/\/www.instagram.com\/komudesigns\/"]}]}},"builder_content":"<p>Denna sida inneh\u00e5ller information och kontaktuppgifter f\u00f6r att g\u00f6ra det l\u00e4ttare f\u00f6r dig som kund att sp\u00e5ra din produkt och s\u00e5 att du kan k\u00e4nna dig trygg med ditt k\u00f6p.\u00a0<\/p> <p><strong>F\u00f6r fr\u00e5gor ang\u00e5ende GPSR kan du kontakta mig direkt:<\/strong><\/p> <p>KOMUDESIGNS Kommanditbolag<br>Gullsj\u00f6v\u00e4gen 3E<br>811 71 J\u00e4rbo<br>Sverige<\/p> <p>+46 (0)762955016<br>info [at] komudesigns.com<\/p> <h2>TYGER &amp; HALSKL\u00c4DEN:<\/h2> <p>Tyger och halskl\u00e4den fr\u00e5n KOMUDESIGNS \u00e4r digitaltryckta produkter i 100% bomull. Fr\u00e5n och med februari 2025 trycks och levereras alla tyger och halskl\u00e4den som s\u00e4ljs av KOMUDESIGS av CottonBee i P\u0142ock, Polen.<\/p> <p>Samtliga tyger och halskl\u00e4den \u00e4r <a href=\"https:\/\/ctnbee.com\/en\/oeko-tex-certificate\">OEKO-TEX\u00ae Standard 100<\/a> certifierade och trycks p\u00e5 deras tyg <a href=\"https:\/\/ctnbee.com\/en\/fabrics\/digital-print-cretonne-fabric\">Cretonne 121<\/a>. Inga kemikalier eller andra fixeringsmedel anv\u00e4nds under tryckprocessen.<\/p> <p>D\u00e5 det inte g\u00e5r att m\u00e4rka produkterna med produktnamn, leverant\u00f6rsuppgifter och \u00f6vrig information som kr\u00e4vs enligt GPSR samt eftersom produkterna skickas direkt hem till dig fr\u00e5n tryckeriet s\u00e5 hittar du en PDF i produktspecifikationen i din orderbekr\u00e4ftelse som inneh\u00e5ller allt du beh\u00f6ver veta.<\/p> <h4><strong>Leverant\u00f6rsuppgifter:<\/strong><\/h4> <p>F\u00f6r att kontakta tryckeriet direkt s\u00e5 g\u00e4ller f\u00f6ljande uppgifter:<\/p> <p><b>Prosker Sp. z o.o.<br><\/b>CottonBee<br>ul. Kostrogaj 9D<br>09-400 P\u0142ock<\/p> <a href=\"mailto: help@ctnbee.com\">help@ctnbee.com<\/a> <a href=\"tel: + 48 516 278 821\">+ 48 516 278 821<\/a>\n<p>eller via deras <a href=\"https:\/\/ctnbee.com\/en\/contact\">kontaktformul\u00e4r.<\/a><\/p> <h4><strong>S\u00e4kerhetsvarningar:<\/strong><\/h4> <p><strong>Barns\u00e4kerhetsmeddelande:<br><\/strong> Produkterna \u00e4r inte avsedda f\u00f6r anv\u00e4ndning av barn.<\/p> <p><strong>Kv\u00e4vningsrisk:<\/strong> <br>Tyg kan inneb\u00e4ra en stryp- och kv\u00e4vningsrisk.<\/p> <p><strong>Brandfarlighet:<\/strong> <br>Bomull \u00e4r ett material som kan fatta eld - anv\u00e4nd inte i n\u00e4rhet av eld eller v\u00e4rmek\u00e4lla.<\/p> <p><strong>Allergi och hudk\u00e4nslighet:<\/strong> <br>Produkterna \u00e4r OEKO-TEX certifierade men b\u00f6r alltid f\u00f6rtv\u00e4ttas f\u00f6r att f\u00f6rhindra eventuell hudirritation. Produkterna skall endast handtv\u00e4ttas i svalt vatten f\u00f6r att undvika krympning och f\u00e4rgbortfall.<\/p> <p>Endast f\u00f6r personligt bruk.<\/p>\n<h2>DIGITALA PRODUKTER:<\/h2> <p>De sym\u00f6nster och guider som s\u00e4ljs av KOMUDESIGNS \u00e4r tillverkade av mig personligen. F\u00f6r kontakt se h\u00f6gst upp p\u00e5 denna sida.\u00a0<\/p> <p>Dessa \u00e4r digitalt nedladdningsbara (PDF) sym\u00f6nster och guider.<\/p> <p><strong>Sym\u00f6nster<\/strong> inneh\u00e5ller m\u00f6nster samt steg-f\u00f6r-steg instruktioner f\u00f6r utskrift, tillklippning och konstruktion av en produkt, designat f\u00f6r anv\u00e4ndare p\u00e5 hemmaniv\u00e5.<\/p> <p><strong>Guiden<\/strong> inneh\u00e5ller ENDAST information om \u00e4ndring av befintliga sym\u00f6nster som inte medf\u00f6ljer. Anv\u00e4ndare f\u00f6rv\u00e4ntas redan \u00e4ga sym\u00f6nstret i fr\u00e5ga.<\/p> <p>Produkterna \u00e4r oavsett utformning en eller flera digitala PDF-filer.<\/p> <h4><strong>Avsedd anv\u00e4ndning<\/strong><\/h4> <p>M\u00f6nster och guider \u00e4r l\u00e4mpliga f\u00f6r personer med viss s\u00f6mnadserfarenhet och \u00e4r endast avsedda f\u00f6r personliga projekt. De f\u00e4rdiga produkterna som skapats fr\u00e5n sym\u00f6nster fr\u00e5n KOMUDESIGNS \u00e4r endast f\u00f6r personligt bruk och f\u00e5r inte s\u00e4ljas i kommersiellt syfte.<\/p> <h4><strong>S\u00e4kerhetsvarningar:<\/strong><\/h4> <p>Produkterna i sig faller inte direkt under fysiska produkts\u00e4kerhetskrav.\u00a0<\/p> <p><strong>S\u00e4kerhet:<\/strong> <br>Det digitala m\u00f6nstret utg\u00f6r inte direkta risker f\u00f6r konsumenterna. Anv\u00e4ndaren tar ansvar f\u00f6r de material och processer som anv\u00e4nds f\u00f6r att skapa den f\u00e4rdiga produkten.<\/p> <p><strong>Digital s\u00e4kerhet:<\/strong> <br>De digitala filerna har testats och \u00e4r fria fr\u00e5n k\u00e4nd skadlig programvara vid publicering.<\/p>","_links":{"self":[{"href":"https:\/\/komudesigns.com\/en\/wp-json\/wp\/v2\/pages\/7024","targetHints":{"allow":["GET"]}}],"collection":[{"href":"https:\/\/komudesigns.com\/en\/wp-json\/wp\/v2\/pages"}],"about":[{"href":"https:\/\/komudesigns.com\/en\/wp-json\/wp\/v2\/types\/page"}],"author":[{"embeddable":true,"href":"https:\/\/komudesigns.com\/en\/wp-json\/wp\/v2\/users\/4"}],"replies":[{"embeddable":true,"href":"https:\/\/komudesigns.com\/en\/wp-json\/wp\/v2\/comments?post=7024"}],"version-history":[{"count":23,"href":"https:\/\/komudesigns.com\/en\/wp-json\/wp\/v2\/pages\/7024\/revisions"}],"predecessor-version":[{"id":8549,"href":"https:\/\/komudesigns.com\/en\/wp-json\/wp\/v2\/pages\/7024\/revisions\/8549"}],"wp:featuredmedia":[{"embeddable":true,"href":"https:\/\/komudesigns.com\/en\/wp-json\/wp\/v2\/media\/5097"}],"wp:attachment":[{"href":"https:\/\/komudesigns.com\/en\/wp-json\/wp\/v2\/media?parent=7024"}],"curies":[{"name":"wp","href":"https:\/\/api.w.org\/{rel}","templated":true}]}}