{"id":6474,"date":"2024-10-20T09:23:12","date_gmt":"2024-10-20T09:23:12","guid":{"rendered":"https:\/\/komudesigns.com\/?post_type=product&#038;p=6474"},"modified":"2026-03-04T17:37:02","modified_gmt":"2026-03-04T16:37:02","slug":"is-that-me-i-see-pdf-guide","status":"publish","type":"product","link":"https:\/\/komudesigns.com\/en\/product\/is-that-me-i-see-pdf-guide\/","title":{"rendered":"IS THAT ME I SEE? PDF GUIDE"},"content":{"rendered":"<!--themify_builder_content-->\n<div id=\"themify_builder_content-6474\" data-postid=\"6474\" class=\"themify_builder_content themify_builder_content-6474 themify_builder tf_clear\">\n                    <div  data-lazy=\"1\" class=\"module_row themify_builder_row tb_dz2j671 tb_first tf_w\">\n                        <div class=\"row_inner col_align_top tb_col_count_1 tf_box tf_rel\">\n                        <div  data-lazy=\"1\" class=\"module_column tb-column col-full tb_855a671 first\">\n                    <!-- module accordion -->\n<div  class=\"module module-accordion tb_5trl671\" data-behavior=\"toggle\" data-lazy=\"1\">\n    \n    <ul class=\"ui module-accordion   transparent\">\n            <li class=\"builder-accordion-active\">\n            <div class=\"accordion-title tf_rel\">\n                <a href=\"#acc-5trl671-0\" class=\"tb_title_accordion\" aria-controls=\"acc-5trl671-0-content\" aria-expanded=\"true\">\n                    <i class=\"accordion-icon tf_hide\"><svg  class=\"tf_fa tf-ti-arrow-circle-down\" xmlns:xlink=\"http:\/\/www.w3.org\/1999\/xlink\" aria-hidden=\"true\"><use href=\"#tf-ti-arrow-circle-down\" xlink:href=\"#tf-ti-arrow-circle-down\"><\/use><\/svg><\/i>                    <i class=\"accordion-active-icon\"><svg  class=\"tf_fa tf-ti-arrow-circle-up\" xmlns:xlink=\"http:\/\/www.w3.org\/1999\/xlink\" aria-hidden=\"true\"><use href=\"#tf-ti-arrow-circle-up\" xlink:href=\"#tf-ti-arrow-circle-up\"><\/use><\/svg><\/i>                    <span class=\"accordion-title-wrap\">PRODUCT INFORMATION<\/span>                <\/a>\n            <\/div><!-- .accordion-title -->\n            <div id=\"acc-5trl671-0-content\" data-id=\"acc-5trl671-0\" aria-hidden=\"false\" class=\"accordion-content tf_clearfix\">\n                        <div  data-lazy=\"1\" class=\"module_subrow themify_builder_sub_row tf_w col_align_top tb_col_count_1 tb_dya7671\">\n                <div  data-lazy=\"1\" class=\"module_column sub_column tb_am4s671 first\">\n                    <!-- module text -->\n<div  class=\"module module-text tb_7vfv671\" data-lazy=\"1\">\n        <div  class=\"tb_text_wrap\">\n        <p>Bootstrap Fashion's custom dress form patterns are amazing, but every body is unique and some adjustments may be needed to ensure the finished form reflects your body. This guide is for Bootstrap Fashion's custom dress forms (<a href=\"https:\/\/patterns.bootstrapfashion.com\/diy-dress-form-sewing-pattern\/exclusive-diy-dress-form-sewing-pattern-and-a-complete-step-by-step-sewing-photo-guide-2497.html\">Missy Fit DIY Stuffed Dress Form Body Replica Made To Measure Sewing Pattern<\/a>\u00a0&amp;\u00a0<a href=\"https:\/\/patterns.bootstrapfashion.com\/diy-dress-form-sewing-pattern\/exclusive-diy-dress-form-sewing-pattern-and-a-complete-step-by-step-sewing-photo-guide.html?i=14440e06\">Curvy, Plus Size DIY Stuffed Dress Form Made To Measure Sewing Pattern<\/a>. These are so-called affiliate links. The price is the same via the links as otherwise, but I get a small percentage if you buy via any of the links.) The guide is in <strong>English<\/strong> and is 32 pages.<\/p><p>The guide has a comprehensive table of contents and step-by-step descriptions that are easy to follow, with detailed pictures for each step. The guide is fairly easy to follow, even for those who have never worked on patterns before.<\/p><h4>In order for this guide to work for you, you must complete all &quot;Fit Adjustments&quot; on the order form.<\/h4><p>Otherwise, the bust width and bust height will be wrong for you anyway. Also, make sure you carefully follow their guidelines for how to take measurements! I highly recommend ordering the pattern without the seam allowance. The guide is in English. The guide does not address any changes above the bust line, as these measurements usually match well right from the start. If they do not match, you need to contact Bootstrap Fashion as it is probably something that has been measured incorrectly.<\/p><p>When you have made your changes, I strongly recommend that you do a test first in a cheaper fabric to see if everything works and is correct. Depending on your changes, there is a risk that you will need to adjust some seams and other details.<\/p><h4>UPDATED May 2023 \u2013 Some images and steps have been made clearer.<\/h4>    <\/div>\n<\/div>\n<!-- \/module text -->        <\/div>\n                    <\/div>\n                    <\/div><!-- .accordion-content -->\n        <\/li>\n        <\/ul>\n\n<\/div><!-- \/module accordion -->        <\/div>\n                        <\/div>\n        <\/div>\n                        <div  data-lazy=\"1\" class=\"module_row themify_builder_row tb_n6kl326 tf_w\">\n                        <div class=\"row_inner col_align_top tb_col_count_1 tf_box tf_rel\">\n                        <div  data-lazy=\"1\" class=\"module_column tb-column col-full tb_4x3y326 first\">\n                    <!-- module accordion -->\n<div  class=\"module module-accordion tb_foae326\" data-behavior=\"toggle\" data-lazy=\"1\">\n    \n    <ul class=\"ui module-accordion   transparent\">\n            <li class=\"builder-accordion-active\">\n            <div class=\"accordion-title tf_rel\">\n                <a href=\"#acc-foae326-0\" class=\"tb_title_accordion\" aria-controls=\"acc-foae326-0-content\" aria-expanded=\"true\">\n                    <i class=\"accordion-icon tf_hide\"><svg  class=\"tf_fa tf-ti-arrow-circle-down\" xmlns:xlink=\"http:\/\/www.w3.org\/1999\/xlink\" aria-hidden=\"true\"><use href=\"#tf-ti-arrow-circle-down\" xlink:href=\"#tf-ti-arrow-circle-down\"><\/use><\/svg><\/i>                    <i class=\"accordion-active-icon\"><svg  class=\"tf_fa tf-ti-arrow-circle-up\" xmlns:xlink=\"http:\/\/www.w3.org\/1999\/xlink\" aria-hidden=\"true\"><use href=\"#tf-ti-arrow-circle-up\" xlink:href=\"#tf-ti-arrow-circle-up\"><\/use><\/svg><\/i>                    <span class=\"accordion-title-wrap\">DELIVERY<\/span>                <\/a>\n            <\/div><!-- .accordion-title -->\n            <div id=\"acc-foae326-0-content\" data-id=\"acc-foae326-0\" aria-hidden=\"false\" class=\"accordion-content tf_clearfix\">\n                        <div  data-lazy=\"1\" class=\"module_subrow themify_builder_sub_row tf_w col_align_top tb_col_count_1 tb_lyv9326\">\n                <div  data-lazy=\"1\" class=\"module_column sub_column tb_z7g0326 first\">\n                    <!-- module text -->\n<div  class=\"module module-text tb_vkyy326\" data-lazy=\"1\">\n        <div  class=\"tb_text_wrap\">\n        <p><span style=\"letter-spacing: 0.6px;\">This product consists of a PDF file. Your file can be downloaded immediately after payment and will also come as a link in your order confirmation email.<\/span><\/p>    <\/div>\n<\/div>\n<!-- \/module text -->        <\/div>\n                    <\/div>\n                    <\/div><!-- .accordion-content -->\n        <\/li>\n        <\/ul>\n\n<\/div><!-- \/module accordion -->        <\/div>\n                        <\/div>\n        <\/div>\n        <\/div>\n<!--\/themify_builder_content-->","protected":false},"excerpt":{"rendered":"<h4 style=\"font-size: 13px;\">Let your dress form reflect you<\/h4>\n<p>A step-by-step guide in English on 32 pages to adjust your Bootstrap Fashion dress form pattern.<\/p>","protected":false},"featured_media":6578,"template":"","meta":[],"product_brand":[],"product_cat":[525],"product_tag":[],"class_list":{"0":"post-6474","1":"product","2":"type-product","3":"status-publish","4":"has-post-thumbnail","6":"product_cat-pdf-symonster-guider","7":"has-post-title","8":"has-post-date","9":"has-post-category","10":"has-post-tag","11":"has-post-comment","12":"has-post-author","13":"","15":"first","16":"instock","17":"downloadable","18":"virtual","19":"sold-individually","20":"taxable","21":"purchasable","22":"product-type-simple"},"yoast_head":"<!-- This site is optimized with the Yoast SEO plugin v27.3 - https:\/\/yoast.com\/product\/yoast-seo-wordpress\/ -->\n<title>IS THAT ME I SEE? PDF GUIDE - KOMUDESIGNS<\/title>\n<meta name=\"description\" content=\"steg-f\u00f6r-steg guide p\u00e5 engelska p\u00e5 32 sidor f\u00f6r att justera ditt Bootstrap Fashion provdocksm\u00f6nster.\u00a0\" \/>\n<meta name=\"robots\" content=\"index, follow, max-snippet:-1, max-image-preview:large, max-video-preview:-1\" \/>\n<link rel=\"canonical\" href=\"https:\/\/komudesigns.com\/en\/product\/is-that-me-i-see-pdf-guide\/\" \/>\n<meta property=\"og:locale\" content=\"en_GB\" \/>\n<meta property=\"og:type\" content=\"article\" \/>\n<meta property=\"og:title\" content=\"IS THAT ME I SEE? PDF GUIDE - KOMUDESIGNS\" \/>\n<meta property=\"og:description\" content=\"steg-f\u00f6r-steg guide p\u00e5 engelska p\u00e5 32 sidor f\u00f6r att justera ditt Bootstrap Fashion provdocksm\u00f6nster.\u00a0\" \/>\n<meta property=\"og:url\" content=\"https:\/\/komudesigns.com\/en\/product\/is-that-me-i-see-pdf-guide\/\" \/>\n<meta property=\"og:site_name\" content=\"KOMUDESIGNS\" \/>\n<meta property=\"article:publisher\" content=\"https:\/\/www.facebook.com\/komudesigns\/\" \/>\n<meta property=\"article:modified_time\" content=\"2026-03-04T16:37:02+00:00\" \/>\n<meta property=\"og:image\" content=\"https:\/\/komudesigns.com\/wp-content\/uploads\/2024\/10\/meise2.jpg\" \/>\n\t<meta property=\"og:image:width\" content=\"1200\" \/>\n\t<meta property=\"og:image:height\" content=\"1200\" \/>\n\t<meta property=\"og:image:type\" content=\"image\/jpeg\" \/>\n<meta name=\"twitter:card\" content=\"summary_large_image\" \/>\n<meta name=\"twitter:label1\" content=\"Estimated reading time\" \/>\n\t<meta name=\"twitter:data1\" content=\"4 minutes\" \/>\n<script type=\"application\/ld+json\" class=\"yoast-schema-graph\">{\"@context\":\"https:\\\/\\\/schema.org\",\"@graph\":[{\"@type\":\"WebPage\",\"@id\":\"https:\\\/\\\/komudesigns.com\\\/product\\\/is-that-me-i-see-pdf-guide\\\/\",\"url\":\"https:\\\/\\\/komudesigns.com\\\/product\\\/is-that-me-i-see-pdf-guide\\\/\",\"name\":\"IS THAT ME I SEE? PDF GUIDE - KOMUDESIGNS\",\"isPartOf\":{\"@id\":\"https:\\\/\\\/komudesigns.com\\\/sv\\\/hem\\\/#website\"},\"primaryImageOfPage\":{\"@id\":\"https:\\\/\\\/komudesigns.com\\\/product\\\/is-that-me-i-see-pdf-guide\\\/#primaryimage\"},\"image\":{\"@id\":\"https:\\\/\\\/komudesigns.com\\\/product\\\/is-that-me-i-see-pdf-guide\\\/#primaryimage\"},\"thumbnailUrl\":\"https:\\\/\\\/komudesigns.com\\\/wp-content\\\/uploads\\\/2024\\\/10\\\/meise2.jpg\",\"datePublished\":\"2024-10-20T09:23:12+00:00\",\"dateModified\":\"2026-03-04T16:37:02+00:00\",\"description\":\"steg-f\u00f6r-steg guide p\u00e5 engelska p\u00e5 32 sidor f\u00f6r att justera ditt Bootstrap Fashion provdocksm\u00f6nster.\u00a0\",\"breadcrumb\":{\"@id\":\"https:\\\/\\\/komudesigns.com\\\/product\\\/is-that-me-i-see-pdf-guide\\\/#breadcrumb\"},\"inLanguage\":\"en-GB\",\"potentialAction\":[{\"@type\":\"ReadAction\",\"target\":[\"https:\\\/\\\/komudesigns.com\\\/product\\\/is-that-me-i-see-pdf-guide\\\/\"]}]},{\"@type\":\"ImageObject\",\"inLanguage\":\"en-GB\",\"@id\":\"https:\\\/\\\/komudesigns.com\\\/product\\\/is-that-me-i-see-pdf-guide\\\/#primaryimage\",\"url\":\"https:\\\/\\\/komudesigns.com\\\/wp-content\\\/uploads\\\/2024\\\/10\\\/meise2.jpg\",\"contentUrl\":\"https:\\\/\\\/komudesigns.com\\\/wp-content\\\/uploads\\\/2024\\\/10\\\/meise2.jpg\",\"width\":1200,\"height\":1200},{\"@type\":\"BreadcrumbList\",\"@id\":\"https:\\\/\\\/komudesigns.com\\\/product\\\/is-that-me-i-see-pdf-guide\\\/#breadcrumb\",\"itemListElement\":[{\"@type\":\"ListItem\",\"position\":1,\"name\":\"Home\",\"item\":\"https:\\\/\\\/komudesigns.com\\\/\"},{\"@type\":\"ListItem\",\"position\":2,\"name\":\"BUTIK\",\"item\":\"https:\\\/\\\/komudesigns.com\\\/butik\\\/\"},{\"@type\":\"ListItem\",\"position\":3,\"name\":\"IS THAT ME I SEE? PDF GUIDE\"}]},{\"@type\":\"WebSite\",\"@id\":\"https:\\\/\\\/komudesigns.com\\\/sv\\\/hem\\\/#website\",\"url\":\"https:\\\/\\\/komudesigns.com\\\/sv\\\/hem\\\/\",\"name\":\"KOMUDESIGNS\",\"description\":\"\",\"publisher\":{\"@id\":\"https:\\\/\\\/komudesigns.com\\\/sv\\\/hem\\\/#organization\"},\"potentialAction\":[{\"@type\":\"SearchAction\",\"target\":{\"@type\":\"EntryPoint\",\"urlTemplate\":\"https:\\\/\\\/komudesigns.com\\\/sv\\\/hem\\\/?s={search_term_string}\"},\"query-input\":{\"@type\":\"PropertyValueSpecification\",\"valueRequired\":true,\"valueName\":\"search_term_string\"}}],\"inLanguage\":\"en-GB\"},{\"@type\":\"Organization\",\"@id\":\"https:\\\/\\\/komudesigns.com\\\/sv\\\/hem\\\/#organization\",\"name\":\"KOMUDESIGNS Kommanditbolag\",\"url\":\"https:\\\/\\\/komudesigns.com\\\/sv\\\/hem\\\/\",\"logo\":{\"@type\":\"ImageObject\",\"inLanguage\":\"en-GB\",\"@id\":\"https:\\\/\\\/komudesigns.com\\\/sv\\\/hem\\\/#\\\/schema\\\/logo\\\/image\\\/\",\"url\":\"https:\\\/\\\/komudesigns.com\\\/wp-content\\\/uploads\\\/2022\\\/12\\\/komudesigns.jpg\",\"contentUrl\":\"https:\\\/\\\/komudesigns.com\\\/wp-content\\\/uploads\\\/2022\\\/12\\\/komudesigns.jpg\",\"width\":300,\"height\":300,\"caption\":\"KOMUDESIGNS Kommanditbolag\"},\"image\":{\"@id\":\"https:\\\/\\\/komudesigns.com\\\/sv\\\/hem\\\/#\\\/schema\\\/logo\\\/image\\\/\"},\"sameAs\":[\"https:\\\/\\\/www.facebook.com\\\/komudesigns\\\/\",\"https:\\\/\\\/www.instagram.com\\\/komudesigns\\\/\"]}]}<\/script>\n<!-- \/ Yoast SEO plugin. -->","yoast_head_json":{"title":"IS THAT ME I SEE? PDF GUIDE - KOMUDESIGNS","description":"step-by-step guide in English on 32 pages to adjust your Bootstrap Fashion dress form pattern.\u00a0","robots":{"index":"index","follow":"follow","max-snippet":"max-snippet:-1","max-image-preview":"max-image-preview:large","max-video-preview":"max-video-preview:-1"},"canonical":"https:\/\/komudesigns.com\/en\/product\/is-that-me-i-see-pdf-guide\/","og_locale":"en_GB","og_type":"article","og_title":"IS THAT ME I SEE? PDF GUIDE - KOMUDESIGNS","og_description":"steg-f\u00f6r-steg guide p\u00e5 engelska p\u00e5 32 sidor f\u00f6r att justera ditt Bootstrap Fashion provdocksm\u00f6nster.\u00a0","og_url":"https:\/\/komudesigns.com\/en\/product\/is-that-me-i-see-pdf-guide\/","og_site_name":"KOMUDESIGNS","article_publisher":"https:\/\/www.facebook.com\/komudesigns\/","article_modified_time":"2026-03-04T16:37:02+00:00","og_image":[{"width":1200,"height":1200,"url":"https:\/\/komudesigns.com\/wp-content\/uploads\/2024\/10\/meise2.jpg","type":"image\/jpeg"}],"twitter_card":"summary_large_image","twitter_misc":{"Estimated reading time":"4 minutes"},"schema":{"@context":"https:\/\/schema.org","@graph":[{"@type":"WebPage","@id":"https:\/\/komudesigns.com\/product\/is-that-me-i-see-pdf-guide\/","url":"https:\/\/komudesigns.com\/product\/is-that-me-i-see-pdf-guide\/","name":"IS THAT ME I SEE? PDF GUIDE - KOMUDESIGNS","isPartOf":{"@id":"https:\/\/komudesigns.com\/sv\/hem\/#website"},"primaryImageOfPage":{"@id":"https:\/\/komudesigns.com\/product\/is-that-me-i-see-pdf-guide\/#primaryimage"},"image":{"@id":"https:\/\/komudesigns.com\/product\/is-that-me-i-see-pdf-guide\/#primaryimage"},"thumbnailUrl":"https:\/\/komudesigns.com\/wp-content\/uploads\/2024\/10\/meise2.jpg","datePublished":"2024-10-20T09:23:12+00:00","dateModified":"2026-03-04T16:37:02+00:00","description":"step-by-step guide in English on 32 pages to adjust your Bootstrap Fashion dress form pattern.\u00a0","breadcrumb":{"@id":"https:\/\/komudesigns.com\/product\/is-that-me-i-see-pdf-guide\/#breadcrumb"},"inLanguage":"en-GB","potentialAction":[{"@type":"ReadAction","target":["https:\/\/komudesigns.com\/product\/is-that-me-i-see-pdf-guide\/"]}]},{"@type":"ImageObject","inLanguage":"en-GB","@id":"https:\/\/komudesigns.com\/product\/is-that-me-i-see-pdf-guide\/#primaryimage","url":"https:\/\/komudesigns.com\/wp-content\/uploads\/2024\/10\/meise2.jpg","contentUrl":"https:\/\/komudesigns.com\/wp-content\/uploads\/2024\/10\/meise2.jpg","width":1200,"height":1200},{"@type":"BreadcrumbList","@id":"https:\/\/komudesigns.com\/product\/is-that-me-i-see-pdf-guide\/#breadcrumb","itemListElement":[{"@type":"ListItem","position":1,"name":"Home","item":"https:\/\/komudesigns.com\/"},{"@type":"ListItem","position":2,"name":"BUTIK","item":"https:\/\/komudesigns.com\/butik\/"},{"@type":"ListItem","position":3,"name":"IS THAT ME I SEE? PDF GUIDE"}]},{"@type":"WebSite","@id":"https:\/\/komudesigns.com\/sv\/hem\/#website","url":"https:\/\/komudesigns.com\/sv\/hem\/","name":"COMFORT DESIGN","description":"","publisher":{"@id":"https:\/\/komudesigns.com\/sv\/hem\/#organization"},"potentialAction":[{"@type":"SearchAction","target":{"@type":"EntryPoint","urlTemplate":"https:\/\/komudesigns.com\/sv\/hem\/?s={search_term_string}"},"query-input":{"@type":"PropertyValueSpecification","valueRequired":true,"valueName":"search_term_string"}}],"inLanguage":"en-GB"},{"@type":"Organization","@id":"https:\/\/komudesigns.com\/sv\/hem\/#organization","name":"KOMUDESIGNS Kommanditbolag","url":"https:\/\/komudesigns.com\/sv\/hem\/","logo":{"@type":"ImageObject","inLanguage":"en-GB","@id":"https:\/\/komudesigns.com\/sv\/hem\/#\/schema\/logo\/image\/","url":"https:\/\/komudesigns.com\/wp-content\/uploads\/2022\/12\/komudesigns.jpg","contentUrl":"https:\/\/komudesigns.com\/wp-content\/uploads\/2022\/12\/komudesigns.jpg","width":300,"height":300,"caption":"KOMUDESIGNS Kommanditbolag"},"image":{"@id":"https:\/\/komudesigns.com\/sv\/hem\/#\/schema\/logo\/image\/"},"sameAs":["https:\/\/www.facebook.com\/komudesigns\/","https:\/\/www.instagram.com\/komudesigns\/"]}]}},"wcol_rules":[],"builder_content":"<ul><li><h4>PRODUKTFAKTA<\/h4><p>Bootstrap Fashions m\u00f6nster f\u00f6r provdockor efter egna m\u00e5tt \u00e4r fantastiska, men varje kropp \u00e4r unik och vissa justeringar kan beh\u00f6vas f\u00f6r att se till att den f\u00e4rdiga provdockan speglar just din kropp. Den h\u00e4r guiden \u00e4r f\u00f6r Bootstrap Fashions provdockor med egna m\u00e5tt (<a href=\"https:\/\/patterns.bootstrapfashion.com\/diy-dress-form-sewing-pattern\/exclusive-diy-dress-form-sewing-pattern-and-a-complete-step-by-step-sewing-photo-guide-2497.html\">Missy Fit DIY Stuffed Dress Form Body Replica Made To Measure Sewing Pattern<\/a>\u00a0&amp;\u00a0<a href=\"https:\/\/patterns.bootstrapfashion.com\/diy-dress-form-sewing-pattern\/exclusive-diy-dress-form-sewing-pattern-and-a-complete-step-by-step-sewing-photo-guide.html?i=14440e06\">Curvy, Plus Size DIY Stuffed Dress Form Made To Measure Sewing Pattern<\/a>. Dessa \u00e4r s.k. affiliate l\u00e4nkar. Priset \u00e4r det samma via l\u00e4nkarna som annars, men jag f\u00e5r en liten procent om du k\u00f6per via n\u00e5gon av l\u00e4nkarna.) Guiden \u00e4r p\u00e5 <strong>engelska<\/strong> och \u00e4r 32 sidor l\u00e5ng.<\/p><p>Guiden har en omfattande inneh\u00e5llsf\u00f6rteckning och steg-f\u00f6r-steg beskrivningar som \u00e4r l\u00e4tta att f\u00f6lja, med detaljerade bilder f\u00f6r varje steg. Guiden \u00e4r hyfsat enkel att f\u00f6lja \u00e4ven f\u00f6r dig som aldrig arbetat om m\u00f6nster tidigare.<\/p><h4>F\u00f6r att den h\u00e4r guiden ska fungera f\u00f6r dig m\u00e5ste du fylla i alla \u201dFit Adjustments\u201d p\u00e5 best\u00e4llningsformul\u00e4ret.<\/h4><p>Annars kommer bystbredden och bysth\u00f6jden att vara fel f\u00f6r dig \u00e4nd\u00e5. Se ocks\u00e5 till att du noga f\u00f6ljer deras riktlinjer f\u00f6r hur du tar m\u00e5tten! Jag rekommenderar starkt att du best\u00e4ller m\u00f6nstret utan s\u00f6msm\u00e5n. Guiden \u00e4r p\u00e5 engelska. Guiden tar inte upp n\u00e5gra \u00e4ndringar ovanf\u00f6r bystlinjen, d\u00e5 dessa m\u00e5tt oftast st\u00e4mmer bra redan fr\u00e5n start. Om de inte st\u00e4mmer s\u00e5 beh\u00f6ver du kontakta Bootstrap Fashion d\u00e5 det troligen \u00e4r n\u00e5got som \u00e4r felm\u00e4tt.<\/p><p>N\u00e4r du gjort dina \u00e4ndringar rekommenderar jag stark att du g\u00f6r ett test f\u00f6rst i ett billigare tyg f\u00f6r att se om allt funkar och st\u00e4mmer. Beroende p\u00e5 dina \u00e4ndringar finns risken att du beh\u00f6ver justera vissa s\u00f6mmar och andra detaljer.<\/p><h4>UPDATERAD Maj 2023 \u2013 Vissa bilder och steg har gjorts tydligare.<\/h4><\/li><\/ul>\n<p>Bootstrap Fashions m\u00f6nster f\u00f6r provdockor efter egna m\u00e5tt \u00e4r fantastiska, men varje kropp \u00e4r unik och vissa justeringar kan beh\u00f6vas f\u00f6r att se till att den f\u00e4rdiga provdockan speglar just din kropp. Den h\u00e4r guiden \u00e4r f\u00f6r Bootstrap Fashions provdockor med egna m\u00e5tt (<a href=\"https:\/\/patterns.bootstrapfashion.com\/diy-dress-form-sewing-pattern\/exclusive-diy-dress-form-sewing-pattern-and-a-complete-step-by-step-sewing-photo-guide-2497.html\">Missy Fit DIY Stuffed Dress Form Body Replica Made To Measure Sewing Pattern<\/a>\u00a0&amp;\u00a0<a href=\"https:\/\/patterns.bootstrapfashion.com\/diy-dress-form-sewing-pattern\/exclusive-diy-dress-form-sewing-pattern-and-a-complete-step-by-step-sewing-photo-guide.html?i=14440e06\">Curvy, Plus Size DIY Stuffed Dress Form Made To Measure Sewing Pattern<\/a>. Dessa \u00e4r s.k. affiliate l\u00e4nkar. Priset \u00e4r det samma via l\u00e4nkarna som annars, men jag f\u00e5r en liten procent om du k\u00f6per via n\u00e5gon av l\u00e4nkarna.) Guiden \u00e4r p\u00e5 <strong>engelska<\/strong> och \u00e4r 32 sidor l\u00e5ng.<\/p><p>Guiden har en omfattande inneh\u00e5llsf\u00f6rteckning och steg-f\u00f6r-steg beskrivningar som \u00e4r l\u00e4tta att f\u00f6lja, med detaljerade bilder f\u00f6r varje steg. Guiden \u00e4r hyfsat enkel att f\u00f6lja \u00e4ven f\u00f6r dig som aldrig arbetat om m\u00f6nster tidigare.<\/p><h4>F\u00f6r att den h\u00e4r guiden ska fungera f\u00f6r dig m\u00e5ste du fylla i alla \u201dFit Adjustments\u201d p\u00e5 best\u00e4llningsformul\u00e4ret.<\/h4><p>Annars kommer bystbredden och bysth\u00f6jden att vara fel f\u00f6r dig \u00e4nd\u00e5. Se ocks\u00e5 till att du noga f\u00f6ljer deras riktlinjer f\u00f6r hur du tar m\u00e5tten! Jag rekommenderar starkt att du best\u00e4ller m\u00f6nstret utan s\u00f6msm\u00e5n. Guiden \u00e4r p\u00e5 engelska. Guiden tar inte upp n\u00e5gra \u00e4ndringar ovanf\u00f6r bystlinjen, d\u00e5 dessa m\u00e5tt oftast st\u00e4mmer bra redan fr\u00e5n start. Om de inte st\u00e4mmer s\u00e5 beh\u00f6ver du kontakta Bootstrap Fashion d\u00e5 det troligen \u00e4r n\u00e5got som \u00e4r felm\u00e4tt.<\/p><p>N\u00e4r du gjort dina \u00e4ndringar rekommenderar jag stark att du g\u00f6r ett test f\u00f6rst i ett billigare tyg f\u00f6r att se om allt funkar och st\u00e4mmer. Beroende p\u00e5 dina \u00e4ndringar finns risken att du beh\u00f6ver justera vissa s\u00f6mmar och andra detaljer.<\/p><h4>UPDATERAD Maj 2023 \u2013 Vissa bilder och steg har gjorts tydligare.<\/h4>\n<ul><li><h4>LEVERANS<\/h4><p>Den h\u00e4r produkten best\u00e5r av en PDF fil. Din fil g\u00e5r att ladda ner direkt efter betalning och kommer \u00e4ven som en l\u00e4nk i ditt best\u00e4llningsbekr\u00e4ftelsemail.<\/p><\/li><\/ul>\n<p>Den h\u00e4r produkten best\u00e5r av en PDF fil. Din fil g\u00e5r att ladda ner direkt efter betalning och kommer \u00e4ven som en l\u00e4nk i ditt best\u00e4llningsbekr\u00e4ftelsemail.<\/p>","_links":{"self":[{"href":"https:\/\/komudesigns.com\/en\/wp-json\/wp\/v2\/product\/6474","targetHints":{"allow":["GET"]}}],"collection":[{"href":"https:\/\/komudesigns.com\/en\/wp-json\/wp\/v2\/product"}],"about":[{"href":"https:\/\/komudesigns.com\/en\/wp-json\/wp\/v2\/types\/product"}],"wp:featuredmedia":[{"embeddable":true,"href":"https:\/\/komudesigns.com\/en\/wp-json\/wp\/v2\/media\/6578"}],"wp:attachment":[{"href":"https:\/\/komudesigns.com\/en\/wp-json\/wp\/v2\/media?parent=6474"}],"wp:term":[{"taxonomy":"product_brand","embeddable":true,"href":"https:\/\/komudesigns.com\/en\/wp-json\/wp\/v2\/product_brand?post=6474"},{"taxonomy":"product_cat","embeddable":true,"href":"https:\/\/komudesigns.com\/en\/wp-json\/wp\/v2\/product_cat?post=6474"},{"taxonomy":"product_tag","embeddable":true,"href":"https:\/\/komudesigns.com\/en\/wp-json\/wp\/v2\/product_tag?post=6474"}],"curies":[{"name":"wp","href":"https:\/\/api.w.org\/{rel}","templated":true}]}}