{"id":6476,"date":"2024-10-20T09:30:50","date_gmt":"2024-10-20T09:30:50","guid":{"rendered":"https:\/\/komudesigns.com\/?post_type=product&#038;p=6476"},"modified":"2025-04-09T08:43:42","modified_gmt":"2025-04-09T07:43:42","slug":"syetui-symonster","status":"publish","type":"product","link":"https:\/\/komudesigns.com\/en\/product\/syetui-symonster\/","title":{"rendered":"HUSSIF SEWING PATTERN"},"content":{"rendered":"<!--themify_builder_content-->\n<div id=\"themify_builder_content-6476\" data-postid=\"6476\" class=\"themify_builder_content themify_builder_content-6476 themify_builder tf_clear\">\n                    <div  data-lazy=\"1\" class=\"module_row themify_builder_row tb_edlk39 tb_first tf_w\">\n                        <div class=\"row_inner col_align_top tb_col_count_1 tf_box tf_rel\">\n                        <div  data-lazy=\"1\" class=\"module_column tb-column col-full tb_nvof39 first\">\n                    <!-- module accordion -->\n<div  class=\"module module-accordion tb_z1bt39\" data-behavior=\"toggle\" data-lazy=\"1\">\n    \n    <ul class=\"ui module-accordion   transparent\">\n            <li class=\"builder-accordion-active\">\n            <div class=\"accordion-title tf_rel\">\n                <a href=\"#acc-z1bt39-0\" class=\"tb_title_accordion\" aria-controls=\"acc-z1bt39-0-content\" aria-expanded=\"true\">\n                    <i class=\"accordion-icon tf_hide\"><svg  class=\"tf_fa tf-ti-arrow-circle-down\" xmlns:xlink=\"http:\/\/www.w3.org\/1999\/xlink\" aria-hidden=\"true\"><use href=\"#tf-ti-arrow-circle-down\" xlink:href=\"#tf-ti-arrow-circle-down\"><\/use><\/svg><\/i>                    <i class=\"accordion-active-icon\"><svg  class=\"tf_fa tf-ti-arrow-circle-up\" xmlns:xlink=\"http:\/\/www.w3.org\/1999\/xlink\" aria-hidden=\"true\"><use href=\"#tf-ti-arrow-circle-up\" xlink:href=\"#tf-ti-arrow-circle-up\"><\/use><\/svg><\/i>                    <span class=\"accordion-title-wrap\">PRODUCT INFORMATION<\/span>                <\/a>\n            <\/div><!-- .accordion-title -->\n            <div id=\"acc-z1bt39-0-content\" data-id=\"acc-z1bt39-0\" aria-hidden=\"false\" class=\"accordion-content tf_clearfix\">\n                        <div  data-lazy=\"1\" class=\"module_subrow themify_builder_sub_row tf_w col_align_top tb_col_count_1 tb_f4ti39\">\n                <div  data-lazy=\"1\" class=\"module_column sub_column tb_89rn39 first\">\n                    <!-- module text -->\n<div  class=\"module module-text tb_j9np39\" data-lazy=\"1\">\n        <div  class=\"tb_text_wrap\">\n        <p>Make your own sewing case with the parts that suit you. Do you have five fingers? Make five thimble holders. Do you bite off the thread instead of cutting? Skip the scissors and add an extra pocket! Joking aside, this pattern is fully customizable in layout, length, and style. The sewing pattern comes with detailed step-by-step instructions. It&#039;s also a perfect project to use up fabric waste.<\/p>    <\/div>\n<\/div>\n<!-- \/module text -->        <\/div>\n                    <\/div>\n                    <\/div><!-- .accordion-content -->\n        <\/li>\n        <\/ul>\n\n<\/div><!-- \/module accordion -->        <\/div>\n                        <\/div>\n        <\/div>\n                        <div  data-lazy=\"1\" class=\"module_row themify_builder_row tb_89i5782 tf_w\">\n                        <div class=\"row_inner col_align_top tb_col_count_1 tf_box tf_rel\">\n                        <div  data-lazy=\"1\" class=\"module_column tb-column col-full tb_c1z6782 first\">\n                    <!-- module accordion -->\n<div  class=\"module module-accordion tb_k4pr782\" data-behavior=\"toggle\" data-lazy=\"1\">\n    \n    <ul class=\"ui module-accordion   transparent\">\n            <li class=\"builder-accordion-active\">\n            <div class=\"accordion-title tf_rel\">\n                <a href=\"#acc-k4pr782-0\" class=\"tb_title_accordion\" aria-controls=\"acc-k4pr782-0-content\" aria-expanded=\"true\">\n                    <i class=\"accordion-icon tf_hide\"><svg  class=\"tf_fa tf-ti-arrow-circle-down\" xmlns:xlink=\"http:\/\/www.w3.org\/1999\/xlink\" aria-hidden=\"true\"><use href=\"#tf-ti-arrow-circle-down\" xlink:href=\"#tf-ti-arrow-circle-down\"><\/use><\/svg><\/i>                    <i class=\"accordion-active-icon\"><svg  class=\"tf_fa tf-ti-arrow-circle-up\" xmlns:xlink=\"http:\/\/www.w3.org\/1999\/xlink\" aria-hidden=\"true\"><use href=\"#tf-ti-arrow-circle-up\" xlink:href=\"#tf-ti-arrow-circle-up\"><\/use><\/svg><\/i>                    <span class=\"accordion-title-wrap\">DELIVERY<\/span>                <\/a>\n            <\/div><!-- .accordion-title -->\n            <div id=\"acc-k4pr782-0-content\" data-id=\"acc-k4pr782-0\" aria-hidden=\"false\" class=\"accordion-content tf_clearfix\">\n                        <div  data-lazy=\"1\" class=\"module_subrow themify_builder_sub_row tf_w col_align_top tb_col_count_1 tb_guqo782\">\n                <div  data-lazy=\"1\" class=\"module_column sub_column tb_fn1o782 first\">\n                    <!-- module text -->\n<div  class=\"module module-text tb_6uq8782\" data-lazy=\"1\">\n        <div  class=\"tb_text_wrap\">\n        <p><span style=\"letter-spacing: 0.6px;\">This product consists of two PDF files - one for the sewing pattern and one for the instructions. Your files can be downloaded immediately after payment and will also come as a link in your order confirmation email.<\/span><\/p>    <\/div>\n<\/div>\n<!-- \/module text -->        <\/div>\n                    <\/div>\n                    <\/div><!-- .accordion-content -->\n        <\/li>\n        <\/ul>\n\n<\/div><!-- \/module accordion -->        <\/div>\n                        <\/div>\n        <\/div>\n        <\/div>\n<!--\/themify_builder_content-->","protected":false},"excerpt":{"rendered":"<h4 style=\"font-size: 13px;\">Sew your way through the past<\/h4>\n<p>Sew a historic sewing case that holds everything you could possibly need, even on the go.<\/p>","protected":false},"featured_media":6574,"template":"","meta":[],"product_brand":[],"product_cat":[525],"product_tag":[],"class_list":{"0":"post-6476","1":"product","2":"type-product","3":"status-publish","4":"has-post-thumbnail","6":"product_cat-pdf-symonster-guider","7":"has-post-title","8":"has-post-date","9":"has-post-category","10":"has-post-tag","11":"has-post-comment","12":"has-post-author","13":"","15":"first","16":"instock","17":"downloadable","18":"virtual","19":"sold-individually","20":"taxable","21":"purchasable","22":"product-type-simple"},"yoast_head":"<!-- This site is optimized with the Yoast SEO plugin v27.3 - https:\/\/yoast.com\/product\/yoast-seo-wordpress\/ -->\n<title>SYETUI SYM\u00d6NSTER - KOMUDESIGNS<\/title>\n<meta name=\"robots\" content=\"index, follow, max-snippet:-1, max-image-preview:large, max-video-preview:-1\" \/>\n<link rel=\"canonical\" href=\"https:\/\/komudesigns.com\/en\/product\/syetui-symonster\/\" \/>\n<meta property=\"og:locale\" content=\"en_GB\" \/>\n<meta property=\"og:type\" content=\"article\" \/>\n<meta property=\"og:title\" content=\"SYETUI SYM\u00d6NSTER - KOMUDESIGNS\" \/>\n<meta property=\"og:description\" content=\"Sy dig genom d\u00e5tiden Sy ett historiskt syetui som h\u00e5ller allt du kan t\u00e4nkas beh\u00f6va, \u00e4ven p\u00e5 resande fot\" \/>\n<meta property=\"og:url\" content=\"https:\/\/komudesigns.com\/en\/product\/syetui-symonster\/\" \/>\n<meta property=\"og:site_name\" content=\"KOMUDESIGNS\" \/>\n<meta property=\"article:publisher\" content=\"https:\/\/www.facebook.com\/komudesigns\/\" \/>\n<meta property=\"article:modified_time\" content=\"2025-04-09T07:43:42+00:00\" \/>\n<meta property=\"og:image\" content=\"https:\/\/komudesigns.com\/wp-content\/uploads\/2024\/10\/hussif1.jpg\" \/>\n\t<meta property=\"og:image:width\" content=\"1024\" \/>\n\t<meta property=\"og:image:height\" content=\"1024\" \/>\n\t<meta property=\"og:image:type\" content=\"image\/jpeg\" \/>\n<meta name=\"twitter:card\" content=\"summary_large_image\" \/>\n<meta name=\"twitter:label1\" content=\"Estimated reading time\" \/>\n\t<meta name=\"twitter:data1\" content=\"1 minute\" \/>\n<script type=\"application\/ld+json\" class=\"yoast-schema-graph\">{\"@context\":\"https:\\\/\\\/schema.org\",\"@graph\":[{\"@type\":\"WebPage\",\"@id\":\"https:\\\/\\\/komudesigns.com\\\/product\\\/syetui-symonster\\\/\",\"url\":\"https:\\\/\\\/komudesigns.com\\\/product\\\/syetui-symonster\\\/\",\"name\":\"SYETUI SYM\u00d6NSTER - KOMUDESIGNS\",\"isPartOf\":{\"@id\":\"https:\\\/\\\/komudesigns.com\\\/sv\\\/hem\\\/#website\"},\"primaryImageOfPage\":{\"@id\":\"https:\\\/\\\/komudesigns.com\\\/product\\\/syetui-symonster\\\/#primaryimage\"},\"image\":{\"@id\":\"https:\\\/\\\/komudesigns.com\\\/product\\\/syetui-symonster\\\/#primaryimage\"},\"thumbnailUrl\":\"https:\\\/\\\/komudesigns.com\\\/wp-content\\\/uploads\\\/2024\\\/10\\\/hussif1.jpg\",\"datePublished\":\"2024-10-20T09:30:50+00:00\",\"dateModified\":\"2025-04-09T07:43:42+00:00\",\"breadcrumb\":{\"@id\":\"https:\\\/\\\/komudesigns.com\\\/product\\\/syetui-symonster\\\/#breadcrumb\"},\"inLanguage\":\"en-GB\",\"potentialAction\":[{\"@type\":\"ReadAction\",\"target\":[\"https:\\\/\\\/komudesigns.com\\\/product\\\/syetui-symonster\\\/\"]}]},{\"@type\":\"ImageObject\",\"inLanguage\":\"en-GB\",\"@id\":\"https:\\\/\\\/komudesigns.com\\\/product\\\/syetui-symonster\\\/#primaryimage\",\"url\":\"https:\\\/\\\/komudesigns.com\\\/wp-content\\\/uploads\\\/2024\\\/10\\\/hussif1.jpg\",\"contentUrl\":\"https:\\\/\\\/komudesigns.com\\\/wp-content\\\/uploads\\\/2024\\\/10\\\/hussif1.jpg\",\"width\":1200,\"height\":1200},{\"@type\":\"BreadcrumbList\",\"@id\":\"https:\\\/\\\/komudesigns.com\\\/product\\\/syetui-symonster\\\/#breadcrumb\",\"itemListElement\":[{\"@type\":\"ListItem\",\"position\":1,\"name\":\"Home\",\"item\":\"https:\\\/\\\/komudesigns.com\\\/\"},{\"@type\":\"ListItem\",\"position\":2,\"name\":\"BUTIK\",\"item\":\"https:\\\/\\\/komudesigns.com\\\/butik\\\/\"},{\"@type\":\"ListItem\",\"position\":3,\"name\":\"SYETUI SYM\u00d6NSTER\"}]},{\"@type\":\"WebSite\",\"@id\":\"https:\\\/\\\/komudesigns.com\\\/sv\\\/hem\\\/#website\",\"url\":\"https:\\\/\\\/komudesigns.com\\\/sv\\\/hem\\\/\",\"name\":\"KOMUDESIGNS\",\"description\":\"\",\"publisher\":{\"@id\":\"https:\\\/\\\/komudesigns.com\\\/sv\\\/hem\\\/#organization\"},\"potentialAction\":[{\"@type\":\"SearchAction\",\"target\":{\"@type\":\"EntryPoint\",\"urlTemplate\":\"https:\\\/\\\/komudesigns.com\\\/sv\\\/hem\\\/?s={search_term_string}\"},\"query-input\":{\"@type\":\"PropertyValueSpecification\",\"valueRequired\":true,\"valueName\":\"search_term_string\"}}],\"inLanguage\":\"en-GB\"},{\"@type\":\"Organization\",\"@id\":\"https:\\\/\\\/komudesigns.com\\\/sv\\\/hem\\\/#organization\",\"name\":\"KOMUDESIGNS Kommanditbolag\",\"url\":\"https:\\\/\\\/komudesigns.com\\\/sv\\\/hem\\\/\",\"logo\":{\"@type\":\"ImageObject\",\"inLanguage\":\"en-GB\",\"@id\":\"https:\\\/\\\/komudesigns.com\\\/sv\\\/hem\\\/#\\\/schema\\\/logo\\\/image\\\/\",\"url\":\"https:\\\/\\\/komudesigns.com\\\/wp-content\\\/uploads\\\/2022\\\/12\\\/komudesigns.jpg\",\"contentUrl\":\"https:\\\/\\\/komudesigns.com\\\/wp-content\\\/uploads\\\/2022\\\/12\\\/komudesigns.jpg\",\"width\":300,\"height\":300,\"caption\":\"KOMUDESIGNS Kommanditbolag\"},\"image\":{\"@id\":\"https:\\\/\\\/komudesigns.com\\\/sv\\\/hem\\\/#\\\/schema\\\/logo\\\/image\\\/\"},\"sameAs\":[\"https:\\\/\\\/www.facebook.com\\\/komudesigns\\\/\",\"https:\\\/\\\/www.instagram.com\\\/komudesigns\\\/\"]}]}<\/script>\n<!-- \/ Yoast SEO plugin. -->","yoast_head_json":{"title":"SYETUI SYM\u00d6NSTER - KOMUDESIGNS","robots":{"index":"index","follow":"follow","max-snippet":"max-snippet:-1","max-image-preview":"max-image-preview:large","max-video-preview":"max-video-preview:-1"},"canonical":"https:\/\/komudesigns.com\/en\/product\/syetui-symonster\/","og_locale":"en_GB","og_type":"article","og_title":"SYETUI SYM\u00d6NSTER - KOMUDESIGNS","og_description":"Sy dig genom d\u00e5tiden Sy ett historiskt syetui som h\u00e5ller allt du kan t\u00e4nkas beh\u00f6va, \u00e4ven p\u00e5 resande fot","og_url":"https:\/\/komudesigns.com\/en\/product\/syetui-symonster\/","og_site_name":"KOMUDESIGNS","article_publisher":"https:\/\/www.facebook.com\/komudesigns\/","article_modified_time":"2025-04-09T07:43:42+00:00","og_image":[{"url":"https:\/\/komudesigns.com\/wp-content\/uploads\/2024\/10\/hussif1.jpg","width":1024,"height":1024,"type":"image\/jpeg"}],"twitter_card":"summary_large_image","twitter_misc":{"Estimated reading time":"1 minute"},"schema":{"@context":"https:\/\/schema.org","@graph":[{"@type":"WebPage","@id":"https:\/\/komudesigns.com\/product\/syetui-symonster\/","url":"https:\/\/komudesigns.com\/product\/syetui-symonster\/","name":"SYETUI SYM\u00d6NSTER - KOMUDESIGNS","isPartOf":{"@id":"https:\/\/komudesigns.com\/sv\/hem\/#website"},"primaryImageOfPage":{"@id":"https:\/\/komudesigns.com\/product\/syetui-symonster\/#primaryimage"},"image":{"@id":"https:\/\/komudesigns.com\/product\/syetui-symonster\/#primaryimage"},"thumbnailUrl":"https:\/\/komudesigns.com\/wp-content\/uploads\/2024\/10\/hussif1.jpg","datePublished":"2024-10-20T09:30:50+00:00","dateModified":"2025-04-09T07:43:42+00:00","breadcrumb":{"@id":"https:\/\/komudesigns.com\/product\/syetui-symonster\/#breadcrumb"},"inLanguage":"en-GB","potentialAction":[{"@type":"ReadAction","target":["https:\/\/komudesigns.com\/product\/syetui-symonster\/"]}]},{"@type":"ImageObject","inLanguage":"en-GB","@id":"https:\/\/komudesigns.com\/product\/syetui-symonster\/#primaryimage","url":"https:\/\/komudesigns.com\/wp-content\/uploads\/2024\/10\/hussif1.jpg","contentUrl":"https:\/\/komudesigns.com\/wp-content\/uploads\/2024\/10\/hussif1.jpg","width":1200,"height":1200},{"@type":"BreadcrumbList","@id":"https:\/\/komudesigns.com\/product\/syetui-symonster\/#breadcrumb","itemListElement":[{"@type":"ListItem","position":1,"name":"Home","item":"https:\/\/komudesigns.com\/"},{"@type":"ListItem","position":2,"name":"BUTIK","item":"https:\/\/komudesigns.com\/butik\/"},{"@type":"ListItem","position":3,"name":"SYETUI SYM\u00d6NSTER"}]},{"@type":"WebSite","@id":"https:\/\/komudesigns.com\/sv\/hem\/#website","url":"https:\/\/komudesigns.com\/sv\/hem\/","name":"COMFORT DESIGN","description":"","publisher":{"@id":"https:\/\/komudesigns.com\/sv\/hem\/#organization"},"potentialAction":[{"@type":"SearchAction","target":{"@type":"EntryPoint","urlTemplate":"https:\/\/komudesigns.com\/sv\/hem\/?s={search_term_string}"},"query-input":{"@type":"PropertyValueSpecification","valueRequired":true,"valueName":"search_term_string"}}],"inLanguage":"en-GB"},{"@type":"Organization","@id":"https:\/\/komudesigns.com\/sv\/hem\/#organization","name":"KOMUDESIGNS Kommanditbolag","url":"https:\/\/komudesigns.com\/sv\/hem\/","logo":{"@type":"ImageObject","inLanguage":"en-GB","@id":"https:\/\/komudesigns.com\/sv\/hem\/#\/schema\/logo\/image\/","url":"https:\/\/komudesigns.com\/wp-content\/uploads\/2022\/12\/komudesigns.jpg","contentUrl":"https:\/\/komudesigns.com\/wp-content\/uploads\/2022\/12\/komudesigns.jpg","width":300,"height":300,"caption":"KOMUDESIGNS Kommanditbolag"},"image":{"@id":"https:\/\/komudesigns.com\/sv\/hem\/#\/schema\/logo\/image\/"},"sameAs":["https:\/\/www.facebook.com\/komudesigns\/","https:\/\/www.instagram.com\/komudesigns\/"]}]}},"wcol_rules":[],"builder_content":"<ul><li><h4>PRODUKTFAKTA<\/h4><p>G\u00f6r ditt egna syetui med de delar som passar dig. Har du fem fingerborgar? G\u00f6r fem fingerborgsh\u00e5llare. Biter du av tr\u00e5den ist\u00e4llet f\u00f6r att klippa? Skippa saxen och l\u00e4gg till en extra ficka! Sk\u00e4mt \u00e5sido, det h\u00e4r m\u00f6nstret \u00e4r fullt anpassningsbart n\u00e4r det g\u00e4ller uppl\u00e4gg, l\u00e4ngd och stil. Sym\u00f6nstret kommer med detaljerade steg-f\u00f6r-steg instruktioner. Det \u00e4r \u00e4ven ett perfekt projekt f\u00f6r att anv\u00e4nda upp tygspill.<\/p><\/li><\/ul>\n<p>G\u00f6r ditt egna syetui med de delar som passar dig. Har du fem fingerborgar? G\u00f6r fem fingerborgsh\u00e5llare. Biter du av tr\u00e5den ist\u00e4llet f\u00f6r att klippa? Skippa saxen och l\u00e4gg till en extra ficka! Sk\u00e4mt \u00e5sido, det h\u00e4r m\u00f6nstret \u00e4r fullt anpassningsbart n\u00e4r det g\u00e4ller uppl\u00e4gg, l\u00e4ngd och stil. Sym\u00f6nstret kommer med detaljerade steg-f\u00f6r-steg instruktioner. Det \u00e4r \u00e4ven ett perfekt projekt f\u00f6r att anv\u00e4nda upp tygspill.<\/p>\n<ul><li><h4>LEVERANS<\/h4><p>Den h\u00e4r produkten best\u00e5r av tv\u00e5 PDF filer \u2013 en f\u00f6r sym\u00f6nstret och en f\u00f6r instruktionerna. Dina filer g\u00e5r att ladda ner direkt efter betalning och kommer \u00e4ven som en l\u00e4nk i ditt best\u00e4llningsbekr\u00e4ftelsemail.<\/p><\/li><\/ul>\n<p>Den h\u00e4r produkten best\u00e5r av tv\u00e5 PDF filer \u2013 en f\u00f6r sym\u00f6nstret och en f\u00f6r instruktionerna. Dina filer g\u00e5r att ladda ner direkt efter betalning och kommer \u00e4ven som en l\u00e4nk i ditt best\u00e4llningsbekr\u00e4ftelsemail.<\/p>","_links":{"self":[{"href":"https:\/\/komudesigns.com\/en\/wp-json\/wp\/v2\/product\/6476","targetHints":{"allow":["GET"]}}],"collection":[{"href":"https:\/\/komudesigns.com\/en\/wp-json\/wp\/v2\/product"}],"about":[{"href":"https:\/\/komudesigns.com\/en\/wp-json\/wp\/v2\/types\/product"}],"wp:featuredmedia":[{"embeddable":true,"href":"https:\/\/komudesigns.com\/en\/wp-json\/wp\/v2\/media\/6574"}],"wp:attachment":[{"href":"https:\/\/komudesigns.com\/en\/wp-json\/wp\/v2\/media?parent=6476"}],"wp:term":[{"taxonomy":"product_brand","embeddable":true,"href":"https:\/\/komudesigns.com\/en\/wp-json\/wp\/v2\/product_brand?post=6476"},{"taxonomy":"product_cat","embeddable":true,"href":"https:\/\/komudesigns.com\/en\/wp-json\/wp\/v2\/product_cat?post=6476"},{"taxonomy":"product_tag","embeddable":true,"href":"https:\/\/komudesigns.com\/en\/wp-json\/wp\/v2\/product_tag?post=6476"}],"curies":[{"name":"wp","href":"https:\/\/api.w.org\/{rel}","templated":true}]}}